{"id":118,"date":"2025-05-27T09:47:11","date_gmt":"2025-05-27T09:47:11","guid":{"rendered":"https:\/\/www.emalera.eu\/?page_id=118"},"modified":"2025-05-27T09:47:11","modified_gmt":"2025-05-27T09:47:11","slug":"vrh-ch","status":"publish","type":"page","link":"https:\/\/www.emalera.eu\/?page_id=118","title":{"rendered":"Vrh CH"},"content":{"rendered":"\n<figure class=\"wp-block-image size-large\"><img loading=\"lazy\" decoding=\"async\" width=\"1024\" height=\"581\" src=\"https:\/\/www.emalera.eu\/wp-content\/uploads\/2025\/05\/Obrazok1-7-1024x581.jpg\" alt=\"\" class=\"wp-image-119\" srcset=\"https:\/\/www.emalera.eu\/wp-content\/uploads\/2025\/05\/Obrazok1-7-1024x581.jpg 1024w, https:\/\/www.emalera.eu\/wp-content\/uploads\/2025\/05\/Obrazok1-7-300x170.jpg 300w, https:\/\/www.emalera.eu\/wp-content\/uploads\/2025\/05\/Obrazok1-7-768x436.jpg 768w, https:\/\/www.emalera.eu\/wp-content\/uploads\/2025\/05\/Obrazok1-7.jpg 1205w\" sizes=\"auto, (max-width: 1024px) 100vw, 1024px\" \/><\/figure>\n\n\n\n<p>20.5.2019&nbsp;pri\u0161li na svet 1 ps\u00edk a 4 fenky<\/p>\n\n\n\n<p>MATKA<\/p>\n\n\n\n<p><a href=\"http:\/\/www.emalera.eu\/fabi.html\"><strong>DEAR VIXEN EMALERA<\/strong><\/a><strong>&nbsp;viac inform\u00e1cii&nbsp;<\/strong><a href=\"http:\/\/www.emalera.eu\/Vixi.html\">TU<\/a><\/p>\n\n\n\n<figure class=\"wp-block-image size-full\"><img loading=\"lazy\" decoding=\"async\" width=\"557\" height=\"576\" src=\"https:\/\/www.emalera.eu\/wp-content\/uploads\/2025\/05\/Obrazok2-4.jpg\" alt=\"\" class=\"wp-image-120\" srcset=\"https:\/\/www.emalera.eu\/wp-content\/uploads\/2025\/05\/Obrazok2-4.jpg 557w, https:\/\/www.emalera.eu\/wp-content\/uploads\/2025\/05\/Obrazok2-4-290x300.jpg 290w\" sizes=\"auto, (max-width: 557px) 100vw, 557px\" \/><\/figure>\n\n\n\n<p>OTEC<\/p>\n\n\n\n<p><a href=\"http:\/\/www.pedigreedatabase.com\/jack_russell_terrier\/dog.html?id=1208526-exkluzive-eddie-pemiko\"><strong>MISTER SONG<\/strong><\/a>info&nbsp;&nbsp;<a href=\"http:\/\/ingrus.net\/russell\/en\/details.php?id=11526\">TU<\/a><\/p>\n\n\n\n<figure class=\"wp-block-image size-full\"><img loading=\"lazy\" decoding=\"async\" width=\"350\" height=\"352\" src=\"https:\/\/www.emalera.eu\/wp-content\/uploads\/2025\/05\/Obrazok3-7.jpg\" alt=\"\" class=\"wp-image-121\" srcset=\"https:\/\/www.emalera.eu\/wp-content\/uploads\/2025\/05\/Obrazok3-7.jpg 350w, https:\/\/www.emalera.eu\/wp-content\/uploads\/2025\/05\/Obrazok3-7-298x300.jpg 298w, https:\/\/www.emalera.eu\/wp-content\/uploads\/2025\/05\/Obrazok3-7-150x150.jpg 150w\" sizes=\"auto, (max-width: 350px) 100vw, 350px\" \/><\/figure>\n\n\n\n<p><strong>Cel\u00fd rodokme\u0148 \u0161teniatok\u00a0<\/strong><a href=\"http:\/\/ingrus.net\/russell\/en\/testmating.php?female=15700&amp;male=11526\"><strong>TU<\/strong><\/a><\/p>\n\n\n\n<figure class=\"wp-block-image size-full\"><img loading=\"lazy\" decoding=\"async\" width=\"643\" height=\"375\" src=\"https:\/\/www.emalera.eu\/wp-content\/uploads\/2025\/05\/Obrazok4-7.jpg\" alt=\"\" class=\"wp-image-122\" srcset=\"https:\/\/www.emalera.eu\/wp-content\/uploads\/2025\/05\/Obrazok4-7.jpg 643w, https:\/\/www.emalera.eu\/wp-content\/uploads\/2025\/05\/Obrazok4-7-300x175.jpg 300w\" sizes=\"auto, (max-width: 643px) 100vw, 643px\" \/><\/figure>\n\n\n\n<p><strong><u>ps\u00edk:<\/u><\/strong><\/p>\n\n\n\n<p><strong>CHASE CHARLIE&nbsp;&nbsp;EMALERA&nbsp;&#8211; Rak\u00fasko, Wien&nbsp;&nbsp;&nbsp;<\/strong>&nbsp;&nbsp;<\/p>\n\n\n\n<p>FOTOALBUM\u00a0<a href=\"https:\/\/zavodzza.rajce.idnes.cz\/Chase_Charlie_Emalera\">https:\/\/zavodzza.rajce.idnes.cz\/Chase_Charlie_Emalera<\/a><a href=\"https:\/\/zavodzza.rajce.idnes.cz\/HOPE_FOR_DREAMS_Emalera\/\">\u00a0\u00a0<\/a>\u00a0\u00a0\u00a0\u00a0<\/p>\n\n\n\n<figure class=\"wp-block-image size-full\"><img loading=\"lazy\" decoding=\"async\" width=\"482\" height=\"570\" src=\"https:\/\/www.emalera.eu\/wp-content\/uploads\/2025\/05\/Obrazok5-7.jpg\" alt=\"\" class=\"wp-image-123\" srcset=\"https:\/\/www.emalera.eu\/wp-content\/uploads\/2025\/05\/Obrazok5-7.jpg 482w, https:\/\/www.emalera.eu\/wp-content\/uploads\/2025\/05\/Obrazok5-7-254x300.jpg 254w\" sizes=\"auto, (max-width: 482px) 100vw, 482px\" \/><\/figure>\n\n\n\n<figure class=\"wp-block-image size-large\"><img loading=\"lazy\" decoding=\"async\" width=\"1024\" height=\"704\" src=\"https:\/\/www.emalera.eu\/wp-content\/uploads\/2025\/05\/Obrazok6-8-1024x704.jpg\" alt=\"\" class=\"wp-image-124\" srcset=\"https:\/\/www.emalera.eu\/wp-content\/uploads\/2025\/05\/Obrazok6-8-1024x704.jpg 1024w, https:\/\/www.emalera.eu\/wp-content\/uploads\/2025\/05\/Obrazok6-8-300x206.jpg 300w, https:\/\/www.emalera.eu\/wp-content\/uploads\/2025\/05\/Obrazok6-8-768x528.jpg 768w, https:\/\/www.emalera.eu\/wp-content\/uploads\/2025\/05\/Obrazok6-8.jpg 1205w\" sizes=\"auto, (max-width: 1024px) 100vw, 1024px\" \/><\/figure>\n\n\n\n<p><strong><u>FENKY:<\/u><\/strong><\/p>\n\n\n\n<p><strong>CHIARA CHARITY EMALERA &#8211;&nbsp;&nbsp;Slovensko, Skalica&nbsp;<\/strong>&nbsp;&nbsp;<\/p>\n\n\n\n<p><strong>FOTOALBUM&nbsp;<\/strong><a href=\"https:\/\/zavodzza.rajce.idnes.cz\/Chiara_Charity_Emalera\"><strong>https:\/\/zavodzza.rajce.idnes.cz\/Chiara_Charity_Emalera<\/strong><\/a><\/p>\n\n\n\n<figure class=\"wp-block-image size-full\"><img loading=\"lazy\" decoding=\"async\" width=\"423\" height=\"576\" src=\"https:\/\/www.emalera.eu\/wp-content\/uploads\/2025\/05\/Obrazok7-6.jpg\" alt=\"\" class=\"wp-image-125\" srcset=\"https:\/\/www.emalera.eu\/wp-content\/uploads\/2025\/05\/Obrazok7-6.jpg 423w, https:\/\/www.emalera.eu\/wp-content\/uploads\/2025\/05\/Obrazok7-6-220x300.jpg 220w\" sizes=\"auto, (max-width: 423px) 100vw, 423px\" \/><\/figure>\n\n\n\n<figure class=\"wp-block-image size-full\"><img loading=\"lazy\" decoding=\"async\" width=\"482\" height=\"331\" src=\"https:\/\/www.emalera.eu\/wp-content\/uploads\/2025\/05\/Obrazok8-5.jpg\" alt=\"\" class=\"wp-image-126\" srcset=\"https:\/\/www.emalera.eu\/wp-content\/uploads\/2025\/05\/Obrazok8-5.jpg 482w, https:\/\/www.emalera.eu\/wp-content\/uploads\/2025\/05\/Obrazok8-5-300x206.jpg 300w\" sizes=\"auto, (max-width: 482px) 100vw, 482px\" \/><\/figure>\n\n\n\n<p><strong>CHARME ROXY&nbsp;EMALERA&nbsp;&#8211;&nbsp;\u010cechy,&nbsp;Blatno<\/strong>&nbsp;&nbsp;<\/p>\n\n\n\n<p>FOTOALBUM\u00a0<a href=\"https:\/\/zavodzza.rajce.idnes.cz\/Charme_Roxy_Emalera\">https:\/\/zavodzza.rajce.idnes.cz\/Charme_Roxy_Emalera<\/a><\/p>\n\n\n\n<figure class=\"wp-block-image size-large\"><img loading=\"lazy\" decoding=\"async\" width=\"1024\" height=\"710\" src=\"https:\/\/www.emalera.eu\/wp-content\/uploads\/2025\/05\/Obrazok9-3-1024x710.jpg\" alt=\"\" class=\"wp-image-127\" srcset=\"https:\/\/www.emalera.eu\/wp-content\/uploads\/2025\/05\/Obrazok9-3-1024x710.jpg 1024w, https:\/\/www.emalera.eu\/wp-content\/uploads\/2025\/05\/Obrazok9-3-300x208.jpg 300w, https:\/\/www.emalera.eu\/wp-content\/uploads\/2025\/05\/Obrazok9-3-768x533.jpg 768w, https:\/\/www.emalera.eu\/wp-content\/uploads\/2025\/05\/Obrazok9-3.jpg 1205w\" sizes=\"auto, (max-width: 1024px) 100vw, 1024px\" \/><\/figure>\n\n\n\n<figure class=\"wp-block-image size-full\"><img loading=\"lazy\" decoding=\"async\" width=\"482\" height=\"307\" src=\"https:\/\/www.emalera.eu\/wp-content\/uploads\/2025\/05\/Obrazok10-4.jpg\" alt=\"\" class=\"wp-image-128\" srcset=\"https:\/\/www.emalera.eu\/wp-content\/uploads\/2025\/05\/Obrazok10-4.jpg 482w, https:\/\/www.emalera.eu\/wp-content\/uploads\/2025\/05\/Obrazok10-4-300x191.jpg 300w\" sizes=\"auto, (max-width: 482px) 100vw, 482px\" \/><\/figure>\n\n\n\n<p><strong>CHLOE CHARLOTTE&nbsp;EMALERA&nbsp;&#8211;&nbsp;<\/strong>&nbsp;<strong>\u010cechy, Brno&nbsp;<\/strong><\/p>\n\n\n\n<p>FOTOALBUM&nbsp;<a href=\"https:\/\/zavodzza.rajce.idnes.cz\/Chloe_Charlotte_Emalera\">https:\/\/zavodzza.rajce.idnes.cz\/Chloe_Charlotte_Emalera<\/a><\/p>\n\n\n\n<figure class=\"wp-block-image size-large\"><img loading=\"lazy\" decoding=\"async\" width=\"1024\" height=\"657\" src=\"https:\/\/www.emalera.eu\/wp-content\/uploads\/2025\/05\/Obrazok11-1-1024x657.jpg\" alt=\"\" class=\"wp-image-129\" srcset=\"https:\/\/www.emalera.eu\/wp-content\/uploads\/2025\/05\/Obrazok11-1-1024x657.jpg 1024w, https:\/\/www.emalera.eu\/wp-content\/uploads\/2025\/05\/Obrazok11-1-300x192.jpg 300w, https:\/\/www.emalera.eu\/wp-content\/uploads\/2025\/05\/Obrazok11-1-768x493.jpg 768w, https:\/\/www.emalera.eu\/wp-content\/uploads\/2025\/05\/Obrazok11-1.jpg 1205w\" sizes=\"auto, (max-width: 1024px) 100vw, 1024px\" \/><\/figure>\n\n\n\n<figure class=\"wp-block-image size-full is-resized\"><img loading=\"lazy\" decoding=\"async\" width=\"482\" height=\"321\" src=\"https:\/\/www.emalera.eu\/wp-content\/uploads\/2025\/05\/Obrazok12-2.jpg\" alt=\"\" class=\"wp-image-130\" style=\"width:645px;height:auto\" srcset=\"https:\/\/www.emalera.eu\/wp-content\/uploads\/2025\/05\/Obrazok12-2.jpg 482w, https:\/\/www.emalera.eu\/wp-content\/uploads\/2025\/05\/Obrazok12-2-300x200.jpg 300w\" sizes=\"auto, (max-width: 482px) 100vw, 482px\" \/><\/figure>\n\n\n\n<p><strong>CHANTAL CHERRY&nbsp;EMALERA&nbsp;&#8211;&nbsp;\u010cechy,&nbsp;Praha<\/strong>&nbsp;&nbsp;<\/p>\n\n\n\n<p>FOTOALBUM&nbsp;<a href=\"https:\/\/zavodzza.rajce.idnes.cz\/Chantal_Cherry_Emalera\">https:\/\/zavodzza.rajce.idnes.cz\/Chantal_Cherry_Emalera<\/a><\/p>\n\n\n\n<figure class=\"wp-block-image size-full is-resized\"><img loading=\"lazy\" decoding=\"async\" width=\"473\" height=\"576\" src=\"https:\/\/www.emalera.eu\/wp-content\/uploads\/2025\/05\/Obrazok13.jpg\" alt=\"\" class=\"wp-image-131\" style=\"width:645px;height:auto\" srcset=\"https:\/\/www.emalera.eu\/wp-content\/uploads\/2025\/05\/Obrazok13.jpg 473w, https:\/\/www.emalera.eu\/wp-content\/uploads\/2025\/05\/Obrazok13-246x300.jpg 246w\" sizes=\"auto, (max-width: 473px) 100vw, 473px\" \/><\/figure>\n\n\n\n<figure class=\"wp-block-image size-full is-resized\"><img loading=\"lazy\" decoding=\"async\" width=\"482\" height=\"297\" src=\"https:\/\/www.emalera.eu\/wp-content\/uploads\/2025\/05\/Obrazok14.jpg\" alt=\"\" class=\"wp-image-132\" style=\"width:644px;height:auto\" srcset=\"https:\/\/www.emalera.eu\/wp-content\/uploads\/2025\/05\/Obrazok14.jpg 482w, https:\/\/www.emalera.eu\/wp-content\/uploads\/2025\/05\/Obrazok14-300x185.jpg 300w\" sizes=\"auto, (max-width: 482px) 100vw, 482px\" \/><\/figure>\n\n\n\n<p><\/p>\n","protected":false},"excerpt":{"rendered":"<p>20.5.2019&nbsp;pri\u0161li na svet 1 ps\u00edk a 4 fenky MATKA DEAR VIXEN EMALERA&nbsp;viac inform\u00e1cii&nbsp;TU OTEC MISTER SONGinfo&nbsp;&nbsp;TU Cel\u00fd rodokme\u0148 \u0161teniatok\u00a0TU ps\u00edk: CHASE CHARLIE&nbsp;&nbsp;EMALERA&nbsp;&#8211; Rak\u00fasko, Wien&nbsp;&nbsp;&nbsp;&nbsp;&nbsp; FOTOALBUM\u00a0https:\/\/zavodzza.rajce.idnes.cz\/Chase_Charlie_Emalera\u00a0\u00a0\u00a0\u00a0\u00a0\u00a0 FENKY: CHIARA CHARITY EMALERA &#8211;&nbsp;&nbsp;Slovensko, Skalica&nbsp;&nbsp;&nbsp; FOTOALBUM&nbsp;https:\/\/zavodzza.rajce.idnes.cz\/Chiara_Charity_Emalera CHARME ROXY&nbsp;EMALERA&nbsp;&#8211;&nbsp;\u010cechy,&nbsp;Blatno&nbsp;&nbsp; FOTOALBUM\u00a0https:\/\/zavodzza.rajce.idnes.cz\/Charme_Roxy_Emalera CHLOE CHARLOTTE&nbsp;EMALERA&nbsp;&#8211;&nbsp;&nbsp;\u010cechy, Brno&nbsp; FOTOALBUM&nbsp;https:\/\/zavodzza.rajce.idnes.cz\/Chloe_Charlotte_Emalera CHANTAL CHERRY&nbsp;EMALERA&nbsp;&#8211;&nbsp;\u010cechy,&nbsp;Praha&nbsp;&nbsp; FOTOALBUM&nbsp;https:\/\/zavodzza.rajce.idnes.cz\/Chantal_Cherry_Emalera<\/p>\n","protected":false},"author":1,"featured_media":0,"parent":0,"menu_order":0,"comment_status":"closed","ping_status":"closed","template":"","meta":{"footnotes":""},"class_list":["post-118","page","type-page","status-publish","hentry"],"_links":{"self":[{"href":"https:\/\/www.emalera.eu\/index.php?rest_route=\/wp\/v2\/pages\/118","targetHints":{"allow":["GET"]}}],"collection":[{"href":"https:\/\/www.emalera.eu\/index.php?rest_route=\/wp\/v2\/pages"}],"about":[{"href":"https:\/\/www.emalera.eu\/index.php?rest_route=\/wp\/v2\/types\/page"}],"author":[{"embeddable":true,"href":"https:\/\/www.emalera.eu\/index.php?rest_route=\/wp\/v2\/users\/1"}],"replies":[{"embeddable":true,"href":"https:\/\/www.emalera.eu\/index.php?rest_route=%2Fwp%2Fv2%2Fcomments&post=118"}],"version-history":[{"count":1,"href":"https:\/\/www.emalera.eu\/index.php?rest_route=\/wp\/v2\/pages\/118\/revisions"}],"predecessor-version":[{"id":133,"href":"https:\/\/www.emalera.eu\/index.php?rest_route=\/wp\/v2\/pages\/118\/revisions\/133"}],"wp:attachment":[{"href":"https:\/\/www.emalera.eu\/index.php?rest_route=%2Fwp%2Fv2%2Fmedia&parent=118"}],"curies":[{"name":"wp","href":"https:\/\/api.w.org\/{rel}","templated":true}]}}