{"id":134,"date":"2025-05-27T09:51:49","date_gmt":"2025-05-27T09:51:49","guid":{"rendered":"https:\/\/www.emalera.eu\/?page_id=134"},"modified":"2025-05-27T09:52:20","modified_gmt":"2025-05-27T09:52:20","slug":"vrh-i","status":"publish","type":"page","link":"https:\/\/www.emalera.eu\/?page_id=134","title":{"rendered":"Vrh I"},"content":{"rendered":"\n<p>19.5.2019&nbsp;pri\u0161li na svet 4 ps\u00edci a 2 fenky<br>&nbsp;<\/p>\n\n\n\n<p>MATKA<\/p>\n\n\n\n<p><a href=\"http:\/\/www.emalera.eu\/fabi.html\"><strong>DARK GLORIA EMALERA<\/strong><\/a><\/p>\n\n\n\n<figure class=\"wp-block-image size-large\"><img loading=\"lazy\" decoding=\"async\" width=\"831\" height=\"1024\" src=\"https:\/\/www.emalera.eu\/wp-content\/uploads\/2025\/05\/Obrazok1-8-831x1024.jpg\" alt=\"\" class=\"wp-image-135\" srcset=\"https:\/\/www.emalera.eu\/wp-content\/uploads\/2025\/05\/Obrazok1-8-831x1024.jpg 831w, https:\/\/www.emalera.eu\/wp-content\/uploads\/2025\/05\/Obrazok1-8-243x300.jpg 243w, https:\/\/www.emalera.eu\/wp-content\/uploads\/2025\/05\/Obrazok1-8-768x947.jpg 768w, https:\/\/www.emalera.eu\/wp-content\/uploads\/2025\/05\/Obrazok1-8-1246x1536.jpg 1246w, https:\/\/www.emalera.eu\/wp-content\/uploads\/2025\/05\/Obrazok1-8-1661x2048.jpg 1661w, https:\/\/www.emalera.eu\/wp-content\/uploads\/2025\/05\/Obrazok1-8.jpg 1947w\" sizes=\"auto, (max-width: 831px) 100vw, 831px\" \/><\/figure>\n\n\n\n<p>OTEC<\/p>\n\n\n\n<p><a href=\"http:\/\/www.pedigreedatabase.com\/jack_russell_terrier\/dog.html?id=1208526-exkluzive-eddie-pemiko\"><strong>IRSAI OLIVER BIG SCOTTY\u00b4S DREAM<\/strong><\/a><\/p>\n\n\n\n<figure class=\"wp-block-image size-large\"><img loading=\"lazy\" decoding=\"async\" width=\"1024\" height=\"748\" src=\"http:\/\/www.emalera.eu\/wp-content\/uploads\/2025\/05\/Obrazok1-6-1024x748.jpg\" alt=\"\" class=\"wp-image-95\" srcset=\"https:\/\/www.emalera.eu\/wp-content\/uploads\/2025\/05\/Obrazok1-6-1024x748.jpg 1024w, https:\/\/www.emalera.eu\/wp-content\/uploads\/2025\/05\/Obrazok1-6-300x219.jpg 300w, https:\/\/www.emalera.eu\/wp-content\/uploads\/2025\/05\/Obrazok1-6-768x561.jpg 768w, https:\/\/www.emalera.eu\/wp-content\/uploads\/2025\/05\/Obrazok1-6-1536x1122.jpg 1536w, https:\/\/www.emalera.eu\/wp-content\/uploads\/2025\/05\/Obrazok1-6.jpg 2008w\" sizes=\"auto, (max-width: 1024px) 100vw, 1024px\" \/><\/figure>\n\n\n\n<p><strong>Cel\u00fd rodokme\u0148 \u0161teniatok\u00a0<\/strong><a href=\"http:\/\/ingrus.net\/russell\/en\/testmating.php?female=15701&amp;male=19384\"><strong>TU<\/strong><\/a><\/p>\n\n\n\n<figure class=\"wp-block-image size-full\"><img loading=\"lazy\" decoding=\"async\" width=\"643\" height=\"378\" src=\"https:\/\/www.emalera.eu\/wp-content\/uploads\/2025\/05\/Obrazok2-5.jpg\" alt=\"\" class=\"wp-image-136\" srcset=\"https:\/\/www.emalera.eu\/wp-content\/uploads\/2025\/05\/Obrazok2-5.jpg 643w, https:\/\/www.emalera.eu\/wp-content\/uploads\/2025\/05\/Obrazok2-5-300x176.jpg 300w\" sizes=\"auto, (max-width: 643px) 100vw, 643px\" \/><\/figure>\n\n\n\n<p><strong><u>PS\u00cdCI:<\/u><\/strong><\/p>\n\n\n\n<p><strong>IDOL LODY EMALERA&nbsp;&#8211; Slovensko, Stupava&nbsp;&nbsp;&nbsp;<\/strong>&nbsp;&nbsp;<\/p>\n\n\n\n<p>FOTOALBUM\u00a0<a href=\"https:\/\/zavodzza.rajce.idnes.cz\/HOPE_FOR_DREAMS_Emalera\/\">\u00a0\u00a0<\/a><a href=\"https:\/\/zavodzza.rajce.idnes.cz\/Idol_Lody_Emalera\">https:\/\/zavodzza.rajce.idnes.cz\/Idol_Lody_Emalera<\/a>\u00a0\u00a0<\/p>\n\n\n\n<figure class=\"wp-block-image size-full\"><img loading=\"lazy\" decoding=\"async\" width=\"446\" height=\"576\" src=\"https:\/\/www.emalera.eu\/wp-content\/uploads\/2025\/05\/Obrazok3-8.jpg\" alt=\"\" class=\"wp-image-137\" srcset=\"https:\/\/www.emalera.eu\/wp-content\/uploads\/2025\/05\/Obrazok3-8.jpg 446w, https:\/\/www.emalera.eu\/wp-content\/uploads\/2025\/05\/Obrazok3-8-232x300.jpg 232w\" sizes=\"auto, (max-width: 446px) 100vw, 446px\" \/><\/figure>\n\n\n\n<figure class=\"wp-block-image size-full\"><img loading=\"lazy\" decoding=\"async\" width=\"482\" height=\"338\" src=\"https:\/\/www.emalera.eu\/wp-content\/uploads\/2025\/05\/Obrazok4-8.jpg\" alt=\"\" class=\"wp-image-138\" srcset=\"https:\/\/www.emalera.eu\/wp-content\/uploads\/2025\/05\/Obrazok4-8.jpg 482w, https:\/\/www.emalera.eu\/wp-content\/uploads\/2025\/05\/Obrazok4-8-300x210.jpg 300w\" sizes=\"auto, (max-width: 482px) 100vw, 482px\" \/><\/figure>\n\n\n\n<p><strong>IZZY OSCAR EMALERA&nbsp;&#8211; Slovensko, Bratislava&nbsp;&nbsp;&nbsp;<\/strong>&nbsp;&nbsp;<\/p>\n\n\n\n<p>FOTOALBUM&nbsp;<a href=\"https:\/\/zavodzza.rajce.idnes.cz\/Izzy_Oscar_Emalera\">https:\/\/zavodzza.rajce.idnes.cz\/Izzy_Oscar_Emalera<\/a><\/p>\n\n\n\n<figure class=\"wp-block-image size-full\"><img loading=\"lazy\" decoding=\"async\" width=\"482\" height=\"321\" src=\"https:\/\/www.emalera.eu\/wp-content\/uploads\/2025\/05\/Obrazok5-8.jpg\" alt=\"\" class=\"wp-image-139\" srcset=\"https:\/\/www.emalera.eu\/wp-content\/uploads\/2025\/05\/Obrazok5-8.jpg 482w, https:\/\/www.emalera.eu\/wp-content\/uploads\/2025\/05\/Obrazok5-8-300x200.jpg 300w\" sizes=\"auto, (max-width: 482px) 100vw, 482px\" \/><\/figure>\n\n\n\n<figure class=\"wp-block-image size-full\"><img loading=\"lazy\" decoding=\"async\" width=\"482\" height=\"333\" src=\"https:\/\/www.emalera.eu\/wp-content\/uploads\/2025\/05\/Obrazok6-9.jpg\" alt=\"\" class=\"wp-image-140\" srcset=\"https:\/\/www.emalera.eu\/wp-content\/uploads\/2025\/05\/Obrazok6-9.jpg 482w, https:\/\/www.emalera.eu\/wp-content\/uploads\/2025\/05\/Obrazok6-9-300x207.jpg 300w\" sizes=\"auto, (max-width: 482px) 100vw, 482px\" \/><\/figure>\n\n\n\n<p><strong>ISAI IGNACIO EMALERA&nbsp;&nbsp;&nbsp;&nbsp;<\/strong>&nbsp;&nbsp;<\/p>\n\n\n\n<p>FOTOALBUM&nbsp;<a href=\"https:\/\/zavodzza.rajce.idnes.cz\/Isai_Ignacio_Emalera\">https:\/\/zavodzza.rajce.idnes.cz\/Isai_Ignacio_Emalera<\/a><\/p>\n\n\n\n<figure class=\"wp-block-image size-full\"><img loading=\"lazy\" decoding=\"async\" width=\"463\" height=\"576\" src=\"https:\/\/www.emalera.eu\/wp-content\/uploads\/2025\/05\/Obrazok7-7.jpg\" alt=\"\" class=\"wp-image-141\" srcset=\"https:\/\/www.emalera.eu\/wp-content\/uploads\/2025\/05\/Obrazok7-7.jpg 463w, https:\/\/www.emalera.eu\/wp-content\/uploads\/2025\/05\/Obrazok7-7-241x300.jpg 241w\" sizes=\"auto, (max-width: 463px) 100vw, 463px\" \/><\/figure>\n\n\n\n<figure class=\"wp-block-image size-full\"><img loading=\"lazy\" decoding=\"async\" width=\"482\" height=\"329\" src=\"https:\/\/www.emalera.eu\/wp-content\/uploads\/2025\/05\/Obrazok8-6.jpg\" alt=\"\" class=\"wp-image-142\" srcset=\"https:\/\/www.emalera.eu\/wp-content\/uploads\/2025\/05\/Obrazok8-6.jpg 482w, https:\/\/www.emalera.eu\/wp-content\/uploads\/2025\/05\/Obrazok8-6-300x205.jpg 300w\" sizes=\"auto, (max-width: 482px) 100vw, 482px\" \/><\/figure>\n\n\n\n<p><strong>IRO ISAAC EMALERA&nbsp;&#8211;&nbsp;&nbsp;\u010cechy, \u010cervenka&nbsp;&nbsp;<\/strong>&nbsp;&nbsp;<\/p>\n\n\n\n<p>FOTOALBUM&nbsp;<a href=\"https:\/\/zavodzza.rajce.idnes.cz\/Iro_Isaac_Emalera\">https:\/\/zavodzza.rajce.idnes.cz\/Iro_Isaac_Emalera<\/a><\/p>\n\n\n\n<figure class=\"wp-block-image size-large\"><img loading=\"lazy\" decoding=\"async\" width=\"1024\" height=\"769\" src=\"https:\/\/www.emalera.eu\/wp-content\/uploads\/2025\/05\/Obrazok9-4-1024x769.jpg\" alt=\"\" class=\"wp-image-143\" srcset=\"https:\/\/www.emalera.eu\/wp-content\/uploads\/2025\/05\/Obrazok9-4-1024x769.jpg 1024w, https:\/\/www.emalera.eu\/wp-content\/uploads\/2025\/05\/Obrazok9-4-300x225.jpg 300w, https:\/\/www.emalera.eu\/wp-content\/uploads\/2025\/05\/Obrazok9-4-768x577.jpg 768w, https:\/\/www.emalera.eu\/wp-content\/uploads\/2025\/05\/Obrazok9-4.jpg 1205w\" sizes=\"auto, (max-width: 1024px) 100vw, 1024px\" \/><\/figure>\n\n\n\n<figure class=\"wp-block-image size-full\"><img loading=\"lazy\" decoding=\"async\" width=\"482\" height=\"304\" src=\"https:\/\/www.emalera.eu\/wp-content\/uploads\/2025\/05\/Obrazok10-5.jpg\" alt=\"\" class=\"wp-image-144\" srcset=\"https:\/\/www.emalera.eu\/wp-content\/uploads\/2025\/05\/Obrazok10-5.jpg 482w, https:\/\/www.emalera.eu\/wp-content\/uploads\/2025\/05\/Obrazok10-5-300x189.jpg 300w\" sizes=\"auto, (max-width: 482px) 100vw, 482px\" \/><\/figure>\n\n\n\n<p><strong><u>FENKY:<\/u><\/strong><\/p>\n\n\n\n<p><strong>IXI COOKIE EMALERA &#8211;&nbsp;Slovensko, Bratislava&nbsp;&nbsp;&nbsp;<\/strong>&nbsp;&nbsp;<\/p>\n\n\n\n<p><strong>FOTOALBUM&nbsp;<\/strong><a href=\"https:\/\/zavodzza.rajce.idnes.cz\/Ixi_Cookie_Emalera\"><strong>https:\/\/zavodzza.rajce.idnes.cz\/Ixi_Cookie_Emalera<\/strong><\/a><\/p>\n\n\n\n<figure class=\"wp-block-image size-large\"><img loading=\"lazy\" decoding=\"async\" width=\"1024\" height=\"769\" src=\"https:\/\/www.emalera.eu\/wp-content\/uploads\/2025\/05\/Obrazok11-2-1024x769.jpg\" alt=\"\" class=\"wp-image-145\" srcset=\"https:\/\/www.emalera.eu\/wp-content\/uploads\/2025\/05\/Obrazok11-2-1024x769.jpg 1024w, https:\/\/www.emalera.eu\/wp-content\/uploads\/2025\/05\/Obrazok11-2-300x225.jpg 300w, https:\/\/www.emalera.eu\/wp-content\/uploads\/2025\/05\/Obrazok11-2-768x577.jpg 768w, https:\/\/www.emalera.eu\/wp-content\/uploads\/2025\/05\/Obrazok11-2.jpg 1205w\" sizes=\"auto, (max-width: 1024px) 100vw, 1024px\" \/><\/figure>\n\n\n\n<figure class=\"wp-block-image size-large\"><img loading=\"lazy\" decoding=\"async\" width=\"1024\" height=\"687\" src=\"https:\/\/www.emalera.eu\/wp-content\/uploads\/2025\/05\/Obrazok12-3-1024x687.jpg\" alt=\"\" class=\"wp-image-146\" srcset=\"https:\/\/www.emalera.eu\/wp-content\/uploads\/2025\/05\/Obrazok12-3-1024x687.jpg 1024w, https:\/\/www.emalera.eu\/wp-content\/uploads\/2025\/05\/Obrazok12-3-300x201.jpg 300w, https:\/\/www.emalera.eu\/wp-content\/uploads\/2025\/05\/Obrazok12-3-768x515.jpg 768w, https:\/\/www.emalera.eu\/wp-content\/uploads\/2025\/05\/Obrazok12-3.jpg 1205w\" sizes=\"auto, (max-width: 1024px) 100vw, 1024px\" \/><\/figure>\n\n\n\n<p><strong>ISIS ZARA&nbsp;EMALERA&nbsp;&#8211;&nbsp;Slovensko, Bratislava<\/strong>&nbsp;&nbsp;<\/p>\n\n\n\n<p>FOTOALBUM\u00a0<a href=\"https:\/\/zavodzza.rajce.idnes.cz\/Isis_Zara_Emalera\">https:\/\/zavodzza.rajce.idnes.cz\/Isis_Zara_Emalera<\/a><\/p>\n\n\n\n<figure class=\"wp-block-image size-full\"><img loading=\"lazy\" decoding=\"async\" width=\"482\" height=\"321\" src=\"https:\/\/www.emalera.eu\/wp-content\/uploads\/2025\/05\/Obrazok13-1.jpg\" alt=\"\" class=\"wp-image-147\" srcset=\"https:\/\/www.emalera.eu\/wp-content\/uploads\/2025\/05\/Obrazok13-1.jpg 482w, https:\/\/www.emalera.eu\/wp-content\/uploads\/2025\/05\/Obrazok13-1-300x200.jpg 300w\" sizes=\"auto, (max-width: 482px) 100vw, 482px\" \/><\/figure>\n\n\n\n<figure class=\"wp-block-image size-full\"><img loading=\"lazy\" decoding=\"async\" width=\"482\" height=\"307\" src=\"https:\/\/www.emalera.eu\/wp-content\/uploads\/2025\/05\/Obrazok14-1.jpg\" alt=\"\" class=\"wp-image-148\" srcset=\"https:\/\/www.emalera.eu\/wp-content\/uploads\/2025\/05\/Obrazok14-1.jpg 482w, https:\/\/www.emalera.eu\/wp-content\/uploads\/2025\/05\/Obrazok14-1-300x191.jpg 300w\" sizes=\"auto, (max-width: 482px) 100vw, 482px\" \/><\/figure>\n\n\n\n<p><\/p>\n","protected":false},"excerpt":{"rendered":"<p>19.5.2019&nbsp;pri\u0161li na svet 4 ps\u00edci a 2 fenky&nbsp; MATKA DARK GLORIA EMALERA OTEC IRSAI OLIVER BIG SCOTTY\u00b4S DREAM Cel\u00fd rodokme\u0148 \u0161teniatok\u00a0TU PS\u00cdCI: IDOL LODY EMALERA&nbsp;&#8211; Slovensko, Stupava&nbsp;&nbsp;&nbsp;&nbsp;&nbsp; FOTOALBUM\u00a0\u00a0\u00a0https:\/\/zavodzza.rajce.idnes.cz\/Idol_Lody_Emalera\u00a0\u00a0 IZZY OSCAR EMALERA&nbsp;&#8211; Slovensko, Bratislava&nbsp;&nbsp;&nbsp;&nbsp;&nbsp; FOTOALBUM&nbsp;https:\/\/zavodzza.rajce.idnes.cz\/Izzy_Oscar_Emalera ISAI IGNACIO EMALERA&nbsp;&nbsp;&nbsp;&nbsp;&nbsp;&nbsp; FOTOALBUM&nbsp;https:\/\/zavodzza.rajce.idnes.cz\/Isai_Ignacio_Emalera IRO ISAAC EMALERA&nbsp;&#8211;&nbsp;&nbsp;\u010cechy, \u010cervenka&nbsp;&nbsp;&nbsp;&nbsp; FOTOALBUM&nbsp;https:\/\/zavodzza.rajce.idnes.cz\/Iro_Isaac_Emalera FENKY: IXI COOKIE EMALERA &#8211;&nbsp;Slovensko, Bratislava&nbsp;&nbsp;&nbsp;&nbsp;&nbsp; FOTOALBUM&nbsp;https:\/\/zavodzza.rajce.idnes.cz\/Ixi_Cookie_Emalera ISIS ZARA&nbsp;EMALERA&nbsp;&#8211;&nbsp;Slovensko, Bratislava&nbsp;&nbsp; FOTOALBUM\u00a0https:\/\/zavodzza.rajce.idnes.cz\/Isis_Zara_Emalera<\/p>\n","protected":false},"author":1,"featured_media":0,"parent":0,"menu_order":0,"comment_status":"closed","ping_status":"closed","template":"","meta":{"footnotes":""},"class_list":["post-134","page","type-page","status-publish","hentry"],"_links":{"self":[{"href":"https:\/\/www.emalera.eu\/index.php?rest_route=\/wp\/v2\/pages\/134","targetHints":{"allow":["GET"]}}],"collection":[{"href":"https:\/\/www.emalera.eu\/index.php?rest_route=\/wp\/v2\/pages"}],"about":[{"href":"https:\/\/www.emalera.eu\/index.php?rest_route=\/wp\/v2\/types\/page"}],"author":[{"embeddable":true,"href":"https:\/\/www.emalera.eu\/index.php?rest_route=\/wp\/v2\/users\/1"}],"replies":[{"embeddable":true,"href":"https:\/\/www.emalera.eu\/index.php?rest_route=%2Fwp%2Fv2%2Fcomments&post=134"}],"version-history":[{"count":4,"href":"https:\/\/www.emalera.eu\/index.php?rest_route=\/wp\/v2\/pages\/134\/revisions"}],"predecessor-version":[{"id":152,"href":"https:\/\/www.emalera.eu\/index.php?rest_route=\/wp\/v2\/pages\/134\/revisions\/152"}],"wp:attachment":[{"href":"https:\/\/www.emalera.eu\/index.php?rest_route=%2Fwp%2Fv2%2Fmedia&parent=134"}],"curies":[{"name":"wp","href":"https:\/\/api.w.org\/{rel}","templated":true}]}}