{"id":164,"date":"2025-05-27T10:00:48","date_gmt":"2025-05-27T10:00:48","guid":{"rendered":"https:\/\/www.emalera.eu\/?page_id=164"},"modified":"2025-05-27T10:00:48","modified_gmt":"2025-05-27T10:00:48","slug":"vrh-k","status":"publish","type":"page","link":"https:\/\/www.emalera.eu\/?page_id=164","title":{"rendered":"Vrh K"},"content":{"rendered":"\n<figure class=\"wp-block-image size-large\"><img loading=\"lazy\" decoding=\"async\" width=\"1024\" height=\"682\" src=\"https:\/\/www.emalera.eu\/wp-content\/uploads\/2025\/05\/3.64-1024x682.jpg\" alt=\"\" class=\"wp-image-165\" srcset=\"https:\/\/www.emalera.eu\/wp-content\/uploads\/2025\/05\/3.64-1024x682.jpg 1024w, https:\/\/www.emalera.eu\/wp-content\/uploads\/2025\/05\/3.64-300x200.jpg 300w, https:\/\/www.emalera.eu\/wp-content\/uploads\/2025\/05\/3.64-768x512.jpg 768w, https:\/\/www.emalera.eu\/wp-content\/uploads\/2025\/05\/3.64-1536x1024.jpg 1536w, https:\/\/www.emalera.eu\/wp-content\/uploads\/2025\/05\/3.64.jpg 2000w\" sizes=\"auto, (max-width: 1024px) 100vw, 1024px\" \/><\/figure>\n\n\n\n<p>27.5.2020 sa narodili 4 ps\u00edci&nbsp;a 2 fenky<\/p>\n\n\n\n<p><strong>Fotoalbum cel\u00e9ho vrhu&nbsp;<\/strong><a href=\"https:\/\/zavodzza.rajce.idnes.cz\/Litter_K_-_VRH_K\/\"><strong>TU<\/strong><\/a><\/p>\n\n\n\n<p><br>MATKA<\/p>\n\n\n\n<p><a href=\"http:\/\/www.pedigreedatabase.com\/jack_russell_terrier\/dog.html?id=2492336-jolly-velia-anvik\"><strong>Jolly Velia Anvik<\/strong><\/a><\/p>\n\n\n\n<figure class=\"wp-block-image size-full is-resized\"><img loading=\"lazy\" decoding=\"async\" width=\"364\" height=\"261\" src=\"http:\/\/www.emalera.eu\/wp-content\/uploads\/2025\/05\/Obrazok3-1.jpg\" alt=\"\" class=\"wp-image-38\" style=\"width:645px;height:auto\" srcset=\"https:\/\/www.emalera.eu\/wp-content\/uploads\/2025\/05\/Obrazok3-1.jpg 364w, https:\/\/www.emalera.eu\/wp-content\/uploads\/2025\/05\/Obrazok3-1-300x215.jpg 300w\" sizes=\"auto, (max-width: 364px) 100vw, 364px\" \/><\/figure>\n\n\n\n<p><a href=\"http:\/\/www.pedigreedatabase.com\/jack_russell_terrier\/dog.html?id=2492336-jolly-velia-anvik\"><\/a><\/p>\n\n\n\n<p>OTEC<\/p>\n\n\n\n<p><a href=\"http:\/\/www.emalera.eu\/Oliver.html\"><strong>IRSAI OLIVER BIG SCOTTY\u00b4S DREAM<\/strong><\/a><\/p>\n\n\n\n<figure class=\"wp-block-image size-large\"><img loading=\"lazy\" decoding=\"async\" width=\"1024\" height=\"748\" src=\"http:\/\/www.emalera.eu\/wp-content\/uploads\/2025\/05\/Obrazok1-6-1024x748.jpg\" alt=\"\" class=\"wp-image-95\" srcset=\"https:\/\/www.emalera.eu\/wp-content\/uploads\/2025\/05\/Obrazok1-6-1024x748.jpg 1024w, https:\/\/www.emalera.eu\/wp-content\/uploads\/2025\/05\/Obrazok1-6-300x219.jpg 300w, https:\/\/www.emalera.eu\/wp-content\/uploads\/2025\/05\/Obrazok1-6-768x561.jpg 768w, https:\/\/www.emalera.eu\/wp-content\/uploads\/2025\/05\/Obrazok1-6-1536x1122.jpg 1536w, https:\/\/www.emalera.eu\/wp-content\/uploads\/2025\/05\/Obrazok1-6.jpg 2008w\" sizes=\"auto, (max-width: 1024px) 100vw, 1024px\" \/><\/figure>\n\n\n\n<p>RODOKMEN&nbsp;<a href=\"http:\/\/ingrus.net\/russell\/testmating\/19384\/14284?fbclid=IwAR15w6OCpMzDvFBmCuvoiSCaUTYAR9ylvepANWwX_8JfyYCwDiQa0COj454\">TU<\/a>&nbsp;&nbsp;<\/p>\n\n\n\n<figure class=\"wp-block-image size-full\"><img loading=\"lazy\" decoding=\"async\" width=\"643\" height=\"373\" src=\"https:\/\/www.emalera.eu\/wp-content\/uploads\/2025\/05\/Obrazok1-10.jpg\" alt=\"\" class=\"wp-image-166\" srcset=\"https:\/\/www.emalera.eu\/wp-content\/uploads\/2025\/05\/Obrazok1-10.jpg 643w, https:\/\/www.emalera.eu\/wp-content\/uploads\/2025\/05\/Obrazok1-10-300x174.jpg 300w\" sizes=\"auto, (max-width: 643px) 100vw, 643px\" \/><\/figure>\n\n\n\n<p><strong><u>PS\u00cdKY:<\/u><\/strong><\/p>\n\n\n\n<p><strong>Kobe Bryant&nbsp;&nbsp;EMALERA&nbsp;&#8211;&nbsp;Brno, \u010cechy<\/strong><\/p>\n\n\n\n<p><strong>Fotoalbum&nbsp;<\/strong><a href=\"https:\/\/zavodzza.rajce.idnes.cz\/Kristopher_Emalera\/\"><strong>TU<\/strong><\/a><\/p>\n\n\n\n<figure class=\"wp-block-image size-full\"><img loading=\"lazy\" decoding=\"async\" width=\"482\" height=\"331\" src=\"https:\/\/www.emalera.eu\/wp-content\/uploads\/2025\/05\/Obrazok2-7.jpg\" alt=\"\" class=\"wp-image-167\" srcset=\"https:\/\/www.emalera.eu\/wp-content\/uploads\/2025\/05\/Obrazok2-7.jpg 482w, https:\/\/www.emalera.eu\/wp-content\/uploads\/2025\/05\/Obrazok2-7-300x206.jpg 300w\" sizes=\"auto, (max-width: 482px) 100vw, 482px\" \/><\/figure>\n\n\n\n<p><strong>KEITH KLEMENS&nbsp;&nbsp;EMALERA&nbsp;&#8211;&nbsp;\u0160a\u013ea,&nbsp;Slovensko&nbsp;&nbsp;<\/strong><\/p>\n\n\n\n<p><strong>Fotoalbum&nbsp;<\/strong><a href=\"https:\/\/zavodzza.rajce.idnes.cz\/Keith_Klemens_Emalera\/\"><strong>TU<\/strong><\/a><\/p>\n\n\n\n<figure class=\"wp-block-image size-full\"><img loading=\"lazy\" decoding=\"async\" width=\"482\" height=\"281\" src=\"https:\/\/www.emalera.eu\/wp-content\/uploads\/2025\/05\/Obrazok3-10.jpg\" alt=\"\" class=\"wp-image-168\" srcset=\"https:\/\/www.emalera.eu\/wp-content\/uploads\/2025\/05\/Obrazok3-10.jpg 482w, https:\/\/www.emalera.eu\/wp-content\/uploads\/2025\/05\/Obrazok3-10-300x175.jpg 300w\" sizes=\"auto, (max-width: 482px) 100vw, 482px\" \/><\/figure>\n\n\n\n<p><strong>KIRK KEAGHAN&nbsp;&nbsp;EMALERA&nbsp;&#8211; Bratislava,&nbsp;&nbsp;Slovensko&nbsp;<\/strong><\/p>\n\n\n\n<p><strong>Fotoalbum&nbsp;<\/strong><a href=\"https:\/\/zavodzza.rajce.idnes.cz\/Kirk_Keaghan_Emalera\/\"><strong>TU<\/strong><\/a><\/p>\n\n\n\n<figure class=\"wp-block-image size-full\"><img loading=\"lazy\" decoding=\"async\" width=\"482\" height=\"322\" src=\"https:\/\/www.emalera.eu\/wp-content\/uploads\/2025\/05\/Obrazok4-10.jpg\" alt=\"\" class=\"wp-image-169\" srcset=\"https:\/\/www.emalera.eu\/wp-content\/uploads\/2025\/05\/Obrazok4-10.jpg 482w, https:\/\/www.emalera.eu\/wp-content\/uploads\/2025\/05\/Obrazok4-10-300x200.jpg 300w\" sizes=\"auto, (max-width: 482px) 100vw, 482px\" \/><\/figure>\n\n\n\n<p><strong>KONSTANTIN&nbsp;&nbsp;EMALERA&nbsp;&#8211;&nbsp;Liptovsk\u00fd Hr\u00e1dok,&nbsp;Slovensko&nbsp;&nbsp;<\/strong><\/p>\n\n\n\n<p><strong>Fotoalbum&nbsp;<\/strong><a href=\"https:\/\/zavodzza.rajce.idnes.cz\/Konstantin_Emalera\/\"><strong>TU<\/strong><\/a><\/p>\n\n\n\n<figure class=\"wp-block-image size-full\"><img loading=\"lazy\" decoding=\"async\" width=\"482\" height=\"272\" src=\"https:\/\/www.emalera.eu\/wp-content\/uploads\/2025\/05\/Obrazok5-10.jpg\" alt=\"\" class=\"wp-image-170\" srcset=\"https:\/\/www.emalera.eu\/wp-content\/uploads\/2025\/05\/Obrazok5-10.jpg 482w, https:\/\/www.emalera.eu\/wp-content\/uploads\/2025\/05\/Obrazok5-10-300x169.jpg 300w\" sizes=\"auto, (max-width: 482px) 100vw, 482px\" \/><\/figure>\n\n\n\n<p><strong><u>FENKY:<\/u><\/strong><\/p>\n\n\n\n<p><strong>KATHERINE&nbsp;VICTORIA&nbsp;EMALERA&nbsp;&#8211;&nbsp;Viede\u0148, Rak\u00fasko&nbsp;<\/strong><\/p>\n\n\n\n<p><strong>Fotoalbum&nbsp;<\/strong><a href=\"https:\/\/zavodzza.rajce.idnes.cz\/Katherine_Emalera\/\"><strong>TU<\/strong><\/a><\/p>\n\n\n\n<figure class=\"wp-block-image size-full\"><img loading=\"lazy\" decoding=\"async\" width=\"482\" height=\"313\" src=\"https:\/\/www.emalera.eu\/wp-content\/uploads\/2025\/05\/Obrazok6-11.jpg\" alt=\"\" class=\"wp-image-171\" srcset=\"https:\/\/www.emalera.eu\/wp-content\/uploads\/2025\/05\/Obrazok6-11.jpg 482w, https:\/\/www.emalera.eu\/wp-content\/uploads\/2025\/05\/Obrazok6-11-300x195.jpg 300w\" sizes=\"auto, (max-width: 482px) 100vw, 482px\" \/><\/figure>\n\n\n\n<p><strong>KYTTY TEA\u00a0EMALERA\u00a0&#8211; Hamuliakovo,\u00a0Slovensko\u00a0\u00a0\u00a0 \u00a0<\/strong><\/p>\n\n\n\n<p><strong>Fotoalbum&nbsp;<\/strong><a href=\"https:\/\/zavodzza.rajce.idnes.cz\/Kitty_Kamila_Emalera\/\"><strong>TU<\/strong><\/a><a href=\"https:\/\/zavodzza.rajce.idnes.cz\/Kitty_Kamila_Emalera\/\"><\/a><\/p>\n\n\n\n<figure class=\"wp-block-image size-full\"><img loading=\"lazy\" decoding=\"async\" width=\"482\" height=\"319\" src=\"https:\/\/www.emalera.eu\/wp-content\/uploads\/2025\/05\/Obrazok7-9.jpg\" alt=\"\" class=\"wp-image-172\" srcset=\"https:\/\/www.emalera.eu\/wp-content\/uploads\/2025\/05\/Obrazok7-9.jpg 482w, https:\/\/www.emalera.eu\/wp-content\/uploads\/2025\/05\/Obrazok7-9-300x199.jpg 300w\" sizes=\"auto, (max-width: 482px) 100vw, 482px\" \/><\/figure>\n\n\n\n<p><\/p>\n","protected":false},"excerpt":{"rendered":"<p>27.5.2020 sa narodili 4 ps\u00edci&nbsp;a 2 fenky Fotoalbum cel\u00e9ho vrhu&nbsp;TU MATKA Jolly Velia Anvik OTEC IRSAI OLIVER BIG SCOTTY\u00b4S DREAM RODOKMEN&nbsp;TU&nbsp;&nbsp; PS\u00cdKY: Kobe Bryant&nbsp;&nbsp;EMALERA&nbsp;&#8211;&nbsp;Brno, \u010cechy Fotoalbum&nbsp;TU KEITH KLEMENS&nbsp;&nbsp;EMALERA&nbsp;&#8211;&nbsp;\u0160a\u013ea,&nbsp;Slovensko&nbsp;&nbsp; Fotoalbum&nbsp;TU KIRK KEAGHAN&nbsp;&nbsp;EMALERA&nbsp;&#8211; Bratislava,&nbsp;&nbsp;Slovensko&nbsp; Fotoalbum&nbsp;TU KONSTANTIN&nbsp;&nbsp;EMALERA&nbsp;&#8211;&nbsp;Liptovsk\u00fd Hr\u00e1dok,&nbsp;Slovensko&nbsp;&nbsp; Fotoalbum&nbsp;TU FENKY: KATHERINE&nbsp;VICTORIA&nbsp;EMALERA&nbsp;&#8211;&nbsp;Viede\u0148, Rak\u00fasko&nbsp; Fotoalbum&nbsp;TU KYTTY TEA\u00a0EMALERA\u00a0&#8211; Hamuliakovo,\u00a0Slovensko\u00a0\u00a0\u00a0 \u00a0 Fotoalbum&nbsp;TU<\/p>\n","protected":false},"author":1,"featured_media":0,"parent":0,"menu_order":0,"comment_status":"closed","ping_status":"closed","template":"","meta":{"footnotes":""},"class_list":["post-164","page","type-page","status-publish","hentry"],"_links":{"self":[{"href":"https:\/\/www.emalera.eu\/index.php?rest_route=\/wp\/v2\/pages\/164","targetHints":{"allow":["GET"]}}],"collection":[{"href":"https:\/\/www.emalera.eu\/index.php?rest_route=\/wp\/v2\/pages"}],"about":[{"href":"https:\/\/www.emalera.eu\/index.php?rest_route=\/wp\/v2\/types\/page"}],"author":[{"embeddable":true,"href":"https:\/\/www.emalera.eu\/index.php?rest_route=\/wp\/v2\/users\/1"}],"replies":[{"embeddable":true,"href":"https:\/\/www.emalera.eu\/index.php?rest_route=%2Fwp%2Fv2%2Fcomments&post=164"}],"version-history":[{"count":1,"href":"https:\/\/www.emalera.eu\/index.php?rest_route=\/wp\/v2\/pages\/164\/revisions"}],"predecessor-version":[{"id":173,"href":"https:\/\/www.emalera.eu\/index.php?rest_route=\/wp\/v2\/pages\/164\/revisions\/173"}],"wp:attachment":[{"href":"https:\/\/www.emalera.eu\/index.php?rest_route=%2Fwp%2Fv2%2Fmedia&parent=164"}],"curies":[{"name":"wp","href":"https:\/\/api.w.org\/{rel}","templated":true}]}}