{"id":2,"date":"2025-05-27T08:50:11","date_gmt":"2025-05-27T08:50:11","guid":{"rendered":"http:\/\/localhost\/wordpress\/?page_id=2"},"modified":"2025-12-27T10:57:04","modified_gmt":"2025-12-27T10:57:04","slug":"sample-page","status":"publish","type":"page","link":"https:\/\/www.emalera.eu\/","title":{"rendered":"NOVINKY"},"content":{"rendered":"\n<p>Narodili sa n\u00e1m \u0161teniatka<\/p>\n\n\n\n<p><a href=\"https:\/\/www.emalera.eu\/?page_id=500\" data-type=\"page\" data-id=\"500\">VRH <\/a>D2 &#8211; k dispoz\u00edcii hladkosrst\u00e9 \u0161teniatka: 2 chlapci a 1 diev\u010datko naroden\u00e9 17.12.2025<\/p>\n\n\n\n<figure class=\"wp-block-gallery has-nested-images columns-default is-cropped wp-block-gallery-1 is-layout-flex wp-block-gallery-is-layout-flex\">\n<figure class=\"wp-block-image size-large\"><img loading=\"lazy\" decoding=\"async\" width=\"1024\" height=\"557\" data-id=\"768\" src=\"https:\/\/www.emalera.eu\/wp-content\/uploads\/2025\/12\/1000017801-1024x557.jpg\" alt=\"\" class=\"wp-image-768\" srcset=\"https:\/\/www.emalera.eu\/wp-content\/uploads\/2025\/12\/1000017801-1024x557.jpg 1024w, https:\/\/www.emalera.eu\/wp-content\/uploads\/2025\/12\/1000017801-300x163.jpg 300w, https:\/\/www.emalera.eu\/wp-content\/uploads\/2025\/12\/1000017801-768x417.jpg 768w, https:\/\/www.emalera.eu\/wp-content\/uploads\/2025\/12\/1000017801-1536x835.jpg 1536w, https:\/\/www.emalera.eu\/wp-content\/uploads\/2025\/12\/1000017801-2048x1113.jpg 2048w\" sizes=\"auto, (max-width: 1024px) 100vw, 1024px\" \/><\/figure>\n<\/figure>\n\n\n\n<figure class=\"wp-block-gallery has-nested-images columns-default is-cropped wp-block-gallery-2 is-layout-flex wp-block-gallery-is-layout-flex\">\n<figure class=\"wp-block-image size-large\"><img loading=\"lazy\" decoding=\"async\" width=\"1024\" height=\"139\" data-id=\"523\" src=\"https:\/\/www.emalera.eu\/wp-content\/uploads\/2025\/05\/Obrazok1-24-1024x139.jpg\" alt=\"\" class=\"wp-image-523\" srcset=\"https:\/\/www.emalera.eu\/wp-content\/uploads\/2025\/05\/Obrazok1-24-1024x139.jpg 1024w, https:\/\/www.emalera.eu\/wp-content\/uploads\/2025\/05\/Obrazok1-24-300x41.jpg 300w, https:\/\/www.emalera.eu\/wp-content\/uploads\/2025\/05\/Obrazok1-24-768x104.jpg 768w, https:\/\/www.emalera.eu\/wp-content\/uploads\/2025\/05\/Obrazok1-24-1536x209.jpg 1536w, https:\/\/www.emalera.eu\/wp-content\/uploads\/2025\/05\/Obrazok1-24.jpg 2008w\" sizes=\"auto, (max-width: 1024px) 100vw, 1024px\" \/><\/figure>\n<\/figure>\n\n\n\n<p><\/p>\n","protected":false},"excerpt":{"rendered":"<p>Narodili sa n\u00e1m \u0161teniatka VRH D2 &#8211; k dispoz\u00edcii hladkosrst\u00e9 \u0161teniatka: 2 chlapci a 1 diev\u010datko naroden\u00e9 17.12.2025<\/p>\n","protected":false},"author":1,"featured_media":424,"parent":0,"menu_order":0,"comment_status":"closed","ping_status":"open","template":"","meta":{"footnotes":""},"class_list":["post-2","page","type-page","status-publish","has-post-thumbnail","hentry"],"_links":{"self":[{"href":"https:\/\/www.emalera.eu\/index.php?rest_route=\/wp\/v2\/pages\/2","targetHints":{"allow":["GET"]}}],"collection":[{"href":"https:\/\/www.emalera.eu\/index.php?rest_route=\/wp\/v2\/pages"}],"about":[{"href":"https:\/\/www.emalera.eu\/index.php?rest_route=\/wp\/v2\/types\/page"}],"author":[{"embeddable":true,"href":"https:\/\/www.emalera.eu\/index.php?rest_route=\/wp\/v2\/users\/1"}],"replies":[{"embeddable":true,"href":"https:\/\/www.emalera.eu\/index.php?rest_route=%2Fwp%2Fv2%2Fcomments&post=2"}],"version-history":[{"count":7,"href":"https:\/\/www.emalera.eu\/index.php?rest_route=\/wp\/v2\/pages\/2\/revisions"}],"predecessor-version":[{"id":773,"href":"https:\/\/www.emalera.eu\/index.php?rest_route=\/wp\/v2\/pages\/2\/revisions\/773"}],"wp:featuredmedia":[{"embeddable":true,"href":"https:\/\/www.emalera.eu\/index.php?rest_route=\/wp\/v2\/media\/424"}],"wp:attachment":[{"href":"https:\/\/www.emalera.eu\/index.php?rest_route=%2Fwp%2Fv2%2Fmedia&parent=2"}],"curies":[{"name":"wp","href":"https:\/\/api.w.org\/{rel}","templated":true}]}}