{"id":205,"date":"2025-05-27T10:15:44","date_gmt":"2025-05-27T10:15:44","guid":{"rendered":"https:\/\/www.emalera.eu\/?page_id=205"},"modified":"2025-05-27T10:15:44","modified_gmt":"2025-05-27T10:15:44","slug":"vrh-o","status":"publish","type":"page","link":"https:\/\/www.emalera.eu\/?page_id=205","title":{"rendered":"Vrh O"},"content":{"rendered":"\n<p>28.10.2021 sa narodili 2 ps\u00edci<\/p>\n\n\n\n<p>MATKA<\/p>\n\n\n\n<p>ELEONOR EMALERA<\/p>\n\n\n\n<p><\/p>\n\n\n\n<p>OTEC<\/p>\n\n\n\n<p>CHEF PYLADES<\/p>\n\n\n\n<p><strong>Cel\u00fd rodokme\u0148 \u0161teniatok\u00a0<\/strong><a href=\"http:\/\/ingrus.net\/russell\/en\/details\/32089\"><strong>TU<\/strong><\/a><\/p>\n\n\n\n<figure class=\"wp-block-image size-full\"><img loading=\"lazy\" decoding=\"async\" width=\"643\" height=\"376\" src=\"https:\/\/www.emalera.eu\/wp-content\/uploads\/2025\/05\/Obrazok1-14.jpg\" alt=\"\" class=\"wp-image-206\" srcset=\"https:\/\/www.emalera.eu\/wp-content\/uploads\/2025\/05\/Obrazok1-14.jpg 643w, https:\/\/www.emalera.eu\/wp-content\/uploads\/2025\/05\/Obrazok1-14-300x175.jpg 300w\" sizes=\"auto, (max-width: 643px) 100vw, 643px\" \/><\/figure>\n\n\n\n<p>PS\u00cdCI<\/p>\n\n\n\n<p><strong>OXFORD OELDE EMALERA&nbsp;&#8211; Slovensko, Malacky<\/strong><\/p>\n\n\n\n<figure class=\"wp-block-image size-full\"><img loading=\"lazy\" decoding=\"async\" width=\"643\" height=\"481\" src=\"https:\/\/www.emalera.eu\/wp-content\/uploads\/2025\/05\/Obrazok2-10.jpg\" alt=\"\" class=\"wp-image-207\" srcset=\"https:\/\/www.emalera.eu\/wp-content\/uploads\/2025\/05\/Obrazok2-10.jpg 643w, https:\/\/www.emalera.eu\/wp-content\/uploads\/2025\/05\/Obrazok2-10-300x224.jpg 300w\" sizes=\"auto, (max-width: 643px) 100vw, 643px\" \/><\/figure>\n\n\n\n<figure class=\"wp-block-image size-full\"><img loading=\"lazy\" decoding=\"async\" width=\"643\" height=\"481\" src=\"https:\/\/www.emalera.eu\/wp-content\/uploads\/2025\/05\/Obrazok3-12.jpg\" alt=\"\" class=\"wp-image-208\" srcset=\"https:\/\/www.emalera.eu\/wp-content\/uploads\/2025\/05\/Obrazok3-12.jpg 643w, https:\/\/www.emalera.eu\/wp-content\/uploads\/2025\/05\/Obrazok3-12-300x224.jpg 300w\" sizes=\"auto, (max-width: 643px) 100vw, 643px\" \/><\/figure>\n\n\n\n<p><strong>OLAF ENDY EMALERA&nbsp;&#8211; Slovensko, Bratislava<\/strong><\/p>\n\n\n\n<figure class=\"wp-block-image size-full\"><img loading=\"lazy\" decoding=\"async\" width=\"643\" height=\"481\" src=\"https:\/\/www.emalera.eu\/wp-content\/uploads\/2025\/05\/Obrazok4-13.jpg\" alt=\"\" class=\"wp-image-209\" srcset=\"https:\/\/www.emalera.eu\/wp-content\/uploads\/2025\/05\/Obrazok4-13.jpg 643w, https:\/\/www.emalera.eu\/wp-content\/uploads\/2025\/05\/Obrazok4-13-300x224.jpg 300w\" sizes=\"auto, (max-width: 643px) 100vw, 643px\" \/><\/figure>\n\n\n\n<figure class=\"wp-block-image size-full\"><img loading=\"lazy\" decoding=\"async\" width=\"643\" height=\"481\" src=\"https:\/\/www.emalera.eu\/wp-content\/uploads\/2025\/05\/Obrazok5-13.jpg\" alt=\"\" class=\"wp-image-210\" srcset=\"https:\/\/www.emalera.eu\/wp-content\/uploads\/2025\/05\/Obrazok5-13.jpg 643w, https:\/\/www.emalera.eu\/wp-content\/uploads\/2025\/05\/Obrazok5-13-300x224.jpg 300w\" sizes=\"auto, (max-width: 643px) 100vw, 643px\" \/><\/figure>\n","protected":false},"excerpt":{"rendered":"<p>28.10.2021 sa narodili 2 ps\u00edci MATKA ELEONOR EMALERA OTEC CHEF PYLADES Cel\u00fd rodokme\u0148 \u0161teniatok\u00a0TU PS\u00cdCI OXFORD OELDE EMALERA&nbsp;&#8211; Slovensko, Malacky OLAF ENDY EMALERA&nbsp;&#8211; Slovensko, Bratislava<\/p>\n","protected":false},"author":1,"featured_media":0,"parent":0,"menu_order":0,"comment_status":"closed","ping_status":"closed","template":"","meta":{"footnotes":""},"class_list":["post-205","page","type-page","status-publish","hentry"],"_links":{"self":[{"href":"https:\/\/www.emalera.eu\/index.php?rest_route=\/wp\/v2\/pages\/205","targetHints":{"allow":["GET"]}}],"collection":[{"href":"https:\/\/www.emalera.eu\/index.php?rest_route=\/wp\/v2\/pages"}],"about":[{"href":"https:\/\/www.emalera.eu\/index.php?rest_route=\/wp\/v2\/types\/page"}],"author":[{"embeddable":true,"href":"https:\/\/www.emalera.eu\/index.php?rest_route=\/wp\/v2\/users\/1"}],"replies":[{"embeddable":true,"href":"https:\/\/www.emalera.eu\/index.php?rest_route=%2Fwp%2Fv2%2Fcomments&post=205"}],"version-history":[{"count":1,"href":"https:\/\/www.emalera.eu\/index.php?rest_route=\/wp\/v2\/pages\/205\/revisions"}],"predecessor-version":[{"id":211,"href":"https:\/\/www.emalera.eu\/index.php?rest_route=\/wp\/v2\/pages\/205\/revisions\/211"}],"wp:attachment":[{"href":"https:\/\/www.emalera.eu\/index.php?rest_route=%2Fwp%2Fv2%2Fmedia&parent=205"}],"curies":[{"name":"wp","href":"https:\/\/api.w.org\/{rel}","templated":true}]}}