{"id":247,"date":"2025-05-27T10:44:35","date_gmt":"2025-05-27T10:44:35","guid":{"rendered":"https:\/\/www.emalera.eu\/?page_id=247"},"modified":"2025-05-27T10:44:35","modified_gmt":"2025-05-27T10:44:35","slug":"dear-vixen-emalera","status":"publish","type":"page","link":"https:\/\/www.emalera.eu\/?page_id=247","title":{"rendered":"DEAR VIXEN EMALERA"},"content":{"rendered":"\n<figure class=\"wp-block-image size-full\"><img loading=\"lazy\" decoding=\"async\" width=\"592\" height=\"768\" src=\"https:\/\/www.emalera.eu\/wp-content\/uploads\/2025\/05\/Obrazok8-10.jpg\" alt=\"\" class=\"wp-image-248\" srcset=\"https:\/\/www.emalera.eu\/wp-content\/uploads\/2025\/05\/Obrazok8-10.jpg 592w, https:\/\/www.emalera.eu\/wp-content\/uploads\/2025\/05\/Obrazok8-10-231x300.jpg 231w\" sizes=\"auto, (max-width: 592px) 100vw, 592px\" \/><\/figure>\n\n\n\n<p>v\u0161etky fotky na\u00a0<a href=\"http:\/\/zavodzza.rajce.idnes.cz\/Dear_Vixen_Emalera\/\">http:\/\/zavodzza.rajce.idnes.cz\/Dear_Vixen_Emalera\/<\/a><\/p>\n\n\n\n<p><strong>CEL\u00dd RODOKME\u0147 &gt;&nbsp;<\/strong><a href=\"http:\/\/ingrus.net\/russell\/en\/details.php?id=15700\">http:\/\/ingrus.net\/russell\/en\/details.php?id=15700<\/a><\/p>\n\n\n\n<figure class=\"wp-block-image size-full\"><img loading=\"lazy\" decoding=\"async\" width=\"643\" height=\"289\" src=\"https:\/\/www.emalera.eu\/wp-content\/uploads\/2025\/05\/Obrazok9-7.jpg\" alt=\"\" class=\"wp-image-249\" srcset=\"https:\/\/www.emalera.eu\/wp-content\/uploads\/2025\/05\/Obrazok9-7.jpg 643w, https:\/\/www.emalera.eu\/wp-content\/uploads\/2025\/05\/Obrazok9-7-300x135.jpg 300w\" sizes=\"auto, (max-width: 643px) 100vw, 643px\" \/><\/figure>\n\n\n\n<p><strong>&nbsp;Chovate\u013e &#8211;<\/strong>&nbsp;Z.Z\u00e1vodn\u00e1, Slovensk\u00e1 republika<\/p>\n\n\n\n<p><strong>Naroden\u00e1 &#8211;<\/strong>&nbsp;11.3.2017 v Skalici<br><strong>Farba &#8211;<\/strong>&nbsp;biela a hned\u00e1<br><strong>Druh srsti &#8211;<\/strong>&nbsp;brooken<br><strong>Zuby &#8211;<\/strong>&nbsp;&nbsp; plnochrup\u00e1, no\u017enicov\u00fd skus<br><strong>V\u00fd\u0161ka &#8211;<\/strong>&nbsp;&nbsp; 27 cm<br><strong>V\u00e1ha &#8211;<\/strong>&nbsp;&nbsp; 6,5 kg<\/p>\n\n\n\n<p>CHOVN\u00c1 FENKA<br>&nbsp;<\/p>\n\n\n\n<p><strong><u>Vy\u0161etrenia:<br><\/u><\/strong><br><strong>Lux\u00e1cia pately<\/strong>\u2013 neg<br><strong>PLL, SCA, LOA<\/strong>&nbsp; &nbsp;clear po rodi\u010doch<br><strong>DOV<\/strong>&nbsp;&nbsp;&nbsp; neg 21.5.2018, 17.8.2020 MVDr.Trnkov\u00e1 Pavla<br><strong>DOV &#8211;&nbsp;<\/strong>neg 27.1.2021&nbsp;MVDr. Faga Miroslav<br><strong>BAER test<\/strong>&nbsp; &nbsp;+\/+<\/p>\n\n\n\n<p><strong><u>Tituly:<\/u>&nbsp;Eur\u00f3pska v\u00ed\u0165azka, \u0160ampionka Slovenska, \u0160ampionka Srbska, Danubius v\u00ed\u0165az , Klubov\u00fd \u0161ampion SKCHTaF<\/strong><\/p>\n\n\n\n<p><strong><u>V\u00ddSTAVY:<\/u><\/strong><\/p>\n\n\n\n<figure class=\"wp-block-table\"><table class=\"has-fixed-layout\"><tbody><tr><td><strong>D\u00c1TUM<\/strong><\/td><td><strong>V\u00ddSTAVA<\/strong><\/td><td><strong>TRIEDA<\/strong><\/td><td><strong>OCENENIE<\/strong><\/td><\/tr><tr><td>10.3.2018<\/td><td>\u0160peci\u00e1lna v\u00fdstva Vini\u010dn\u00e9<\/td><td>mlad\u00fdch<\/td><td>V2<\/td><\/tr><tr><td>16.6.2018<\/td><td>Eur\u00f3pska v\u00fdstava JRT a PRT B\u00e1\u010d<\/td><td>otvoren\u00e1<\/td><td>V1, CAC, CC, BOS, EU Winner<\/td><\/tr><tr><td>17.6.2018<\/td><td>Klubov\u00e1 v\u00fdstava terierov B\u00e1\u010d<\/td><td>otvoren\u00e1<\/td><td>V2, res.CAC<\/td><\/tr><tr><td>7.7.2018<\/td><td>N\u00e1rodn\u00e1 v\u00fdstava Sremski Karlovac<\/td><td>otvoren\u00e1<\/td><td>V1, CAC<\/td><\/tr><tr><td>8.7.2018<\/td><td>Medzin\u00e1rodn\u00e1 v\u00fdstava Irig<\/td><td>otvoren\u00e1<\/td><td>V1, CAC, CACIB<\/td><\/tr><tr><td>18.8.2018<\/td><td>MVP Bratislava<\/td><td>otvoren\u00e1<\/td><td>V1, CAC, CACIB<\/td><\/tr><tr><td>19.8.2018<\/td><td>MVP Bratislava<\/td><td>otvoren\u00e1<\/td><td>V1, CAC, res. CACIB<\/td><\/tr><tr><td>29.9.2018<\/td><td>MVP Tulln<\/td><td>otvoren\u00e1<\/td><td>V2, res. CACA<\/td><\/tr><tr><td>30.9.2018<\/td><td>MVP Tulln<\/td><td>otvoren\u00e1<\/td><td>V1, CACA<\/td><\/tr><tr><td>8.12.2018<\/td><td>MVP Wels<\/td><td>otvoren\u00e1<\/td><td>V1, CACA<\/td><\/tr><tr><td>9.12.2018<\/td><td>MVP Wels<\/td><td>otvoren\u00e1<\/td><td>V1, CACA<\/td><\/tr><tr><td>11.2.2019<\/td><td>MVP Nitra<\/td><td>otvoren\u00e1<\/td><td>V1, CAC<\/td><\/tr><tr><td>23.2.2020<\/td><td>Klubov\u00e1 v\u00fdstava Nitra<\/td><td>\u0161ampionov<\/td><td>V1, CC , DV, BOB<\/td><\/tr><tr><td>12.7.2020<\/td><td>Klubov\u00e1 v\u00fdstava terierov Ko\u0161ice<\/td><td>pracovn\u00e1<\/td><td>V1,CAC, CC<\/td><\/tr><tr><td>25.7.2020<\/td><td>\u0160peci\u00e1lna v\u00fdstava JRT a PRT Konopi\u0161t\u011b<\/td><td>pracovn\u00e1<\/td><td>V1,CAC,CC<\/td><\/tr><tr><td>&nbsp;<\/td><td>&nbsp;<\/td><td>&nbsp;<\/td><td>&nbsp;<\/td><\/tr><\/tbody><\/table><\/figure>\n\n\n\n<p><strong><u>SK\u00da\u0160KY:<\/u><\/strong><\/p>\n\n\n\n<figure class=\"wp-block-table\"><table class=\"has-fixed-layout\"><tbody><tr><td><strong>D\u00c1TUM<\/strong><\/td><td><strong>SK\u00da\u0160KY<\/strong><\/td><td><strong>OCENENIE<\/strong><\/td><\/tr><tr><td>6.6.2020<\/td><td>Kontaktn\u00e9 brloh\u00e1rske sk\u00fa\u0161ky Stupava<\/td><td>2. cena<\/td><\/tr><\/tbody><\/table><\/figure>\n\n\n\n<figure class=\"wp-block-gallery has-nested-images columns-default is-cropped wp-block-gallery-1 is-layout-flex wp-block-gallery-is-layout-flex\">\n<figure class=\"wp-block-image size-large\"><img loading=\"lazy\" decoding=\"async\" width=\"482\" height=\"351\" data-id=\"250\" src=\"https:\/\/www.emalera.eu\/wp-content\/uploads\/2025\/05\/Obrazok14-3.jpg\" alt=\"\" class=\"wp-image-250\" srcset=\"https:\/\/www.emalera.eu\/wp-content\/uploads\/2025\/05\/Obrazok14-3.jpg 482w, https:\/\/www.emalera.eu\/wp-content\/uploads\/2025\/05\/Obrazok14-3-300x218.jpg 300w\" sizes=\"auto, (max-width: 482px) 100vw, 482px\" \/><\/figure>\n\n\n\n<figure class=\"wp-block-image size-large\"><img loading=\"lazy\" decoding=\"async\" width=\"1024\" height=\"718\" data-id=\"252\" src=\"https:\/\/www.emalera.eu\/wp-content\/uploads\/2025\/05\/Obrazok13-3-1024x718.jpg\" alt=\"\" class=\"wp-image-252\" srcset=\"https:\/\/www.emalera.eu\/wp-content\/uploads\/2025\/05\/Obrazok13-3-1024x718.jpg 1024w, https:\/\/www.emalera.eu\/wp-content\/uploads\/2025\/05\/Obrazok13-3-300x210.jpg 300w, https:\/\/www.emalera.eu\/wp-content\/uploads\/2025\/05\/Obrazok13-3-768x538.jpg 768w, https:\/\/www.emalera.eu\/wp-content\/uploads\/2025\/05\/Obrazok13-3-1536x1076.jpg 1536w, https:\/\/www.emalera.eu\/wp-content\/uploads\/2025\/05\/Obrazok13-3.jpg 2008w\" sizes=\"auto, (max-width: 1024px) 100vw, 1024px\" \/><\/figure>\n\n\n\n<figure class=\"wp-block-image size-large\"><img loading=\"lazy\" decoding=\"async\" width=\"1024\" height=\"688\" data-id=\"251\" src=\"https:\/\/www.emalera.eu\/wp-content\/uploads\/2025\/05\/Obrazok12-5-1024x688.jpg\" alt=\"\" class=\"wp-image-251\" srcset=\"https:\/\/www.emalera.eu\/wp-content\/uploads\/2025\/05\/Obrazok12-5-1024x688.jpg 1024w, https:\/\/www.emalera.eu\/wp-content\/uploads\/2025\/05\/Obrazok12-5-300x202.jpg 300w, https:\/\/www.emalera.eu\/wp-content\/uploads\/2025\/05\/Obrazok12-5-768x516.jpg 768w, https:\/\/www.emalera.eu\/wp-content\/uploads\/2025\/05\/Obrazok12-5-1536x1032.jpg 1536w, https:\/\/www.emalera.eu\/wp-content\/uploads\/2025\/05\/Obrazok12-5.jpg 2008w\" sizes=\"auto, (max-width: 1024px) 100vw, 1024px\" \/><\/figure>\n\n\n\n<figure class=\"wp-block-image size-large\"><img loading=\"lazy\" decoding=\"async\" width=\"1024\" height=\"738\" data-id=\"254\" src=\"https:\/\/www.emalera.eu\/wp-content\/uploads\/2025\/05\/Obrazok11-4-1024x738.jpg\" alt=\"\" class=\"wp-image-254\" srcset=\"https:\/\/www.emalera.eu\/wp-content\/uploads\/2025\/05\/Obrazok11-4-1024x738.jpg 1024w, https:\/\/www.emalera.eu\/wp-content\/uploads\/2025\/05\/Obrazok11-4-300x216.jpg 300w, https:\/\/www.emalera.eu\/wp-content\/uploads\/2025\/05\/Obrazok11-4-768x554.jpg 768w, https:\/\/www.emalera.eu\/wp-content\/uploads\/2025\/05\/Obrazok11-4-1536x1108.jpg 1536w, https:\/\/www.emalera.eu\/wp-content\/uploads\/2025\/05\/Obrazok11-4.jpg 2008w\" sizes=\"auto, (max-width: 1024px) 100vw, 1024px\" \/><\/figure>\n\n\n\n<figure class=\"wp-block-image size-large\"><img loading=\"lazy\" decoding=\"async\" width=\"643\" height=\"440\" data-id=\"253\" src=\"https:\/\/www.emalera.eu\/wp-content\/uploads\/2025\/05\/Obrazok10-8.jpg\" alt=\"\" class=\"wp-image-253\" srcset=\"https:\/\/www.emalera.eu\/wp-content\/uploads\/2025\/05\/Obrazok10-8.jpg 643w, https:\/\/www.emalera.eu\/wp-content\/uploads\/2025\/05\/Obrazok10-8-300x205.jpg 300w\" sizes=\"auto, (max-width: 643px) 100vw, 643px\" \/><\/figure>\n<\/figure>\n","protected":false},"excerpt":{"rendered":"<p>v\u0161etky fotky na\u00a0http:\/\/zavodzza.rajce.idnes.cz\/Dear_Vixen_Emalera\/ CEL\u00dd RODOKME\u0147 &gt;&nbsp;http:\/\/ingrus.net\/russell\/en\/details.php?id=15700 &nbsp;Chovate\u013e &#8211;&nbsp;Z.Z\u00e1vodn\u00e1, Slovensk\u00e1 republika Naroden\u00e1 &#8211;&nbsp;11.3.2017 v SkaliciFarba &#8211;&nbsp;biela a hned\u00e1Druh srsti &#8211;&nbsp;brookenZuby &#8211;&nbsp;&nbsp; plnochrup\u00e1, no\u017enicov\u00fd skusV\u00fd\u0161ka &#8211;&nbsp;&nbsp; 27 cmV\u00e1ha &#8211;&nbsp;&nbsp; 6,5 kg CHOVN\u00c1 FENKA&nbsp; Vy\u0161etrenia:Lux\u00e1cia pately\u2013 negPLL, SCA, LOA&nbsp; &nbsp;clear po rodi\u010dochDOV&nbsp;&nbsp;&nbsp; neg 21.5.2018, 17.8.2020 MVDr.Trnkov\u00e1 PavlaDOV &#8211;&nbsp;neg 27.1.2021&nbsp;MVDr. Faga MiroslavBAER test&nbsp; &nbsp;+\/+ Tituly:&nbsp;Eur\u00f3pska v\u00ed\u0165azka, \u0160ampionka Slovenska, \u0160ampionka &hellip; <a href=\"https:\/\/www.emalera.eu\/?page_id=247\" class=\"more-link\">Pokra\u010dov\u00e1n\u00ed textu <span class=\"screen-reader-text\">DEAR VIXEN EMALERA<\/span><\/a><\/p>\n","protected":false},"author":1,"featured_media":0,"parent":0,"menu_order":0,"comment_status":"closed","ping_status":"closed","template":"","meta":{"footnotes":""},"class_list":["post-247","page","type-page","status-publish","hentry"],"_links":{"self":[{"href":"https:\/\/www.emalera.eu\/index.php?rest_route=\/wp\/v2\/pages\/247","targetHints":{"allow":["GET"]}}],"collection":[{"href":"https:\/\/www.emalera.eu\/index.php?rest_route=\/wp\/v2\/pages"}],"about":[{"href":"https:\/\/www.emalera.eu\/index.php?rest_route=\/wp\/v2\/types\/page"}],"author":[{"embeddable":true,"href":"https:\/\/www.emalera.eu\/index.php?rest_route=\/wp\/v2\/users\/1"}],"replies":[{"embeddable":true,"href":"https:\/\/www.emalera.eu\/index.php?rest_route=%2Fwp%2Fv2%2Fcomments&post=247"}],"version-history":[{"count":1,"href":"https:\/\/www.emalera.eu\/index.php?rest_route=\/wp\/v2\/pages\/247\/revisions"}],"predecessor-version":[{"id":255,"href":"https:\/\/www.emalera.eu\/index.php?rest_route=\/wp\/v2\/pages\/247\/revisions\/255"}],"wp:attachment":[{"href":"https:\/\/www.emalera.eu\/index.php?rest_route=%2Fwp%2Fv2%2Fmedia&parent=247"}],"curies":[{"name":"wp","href":"https:\/\/api.w.org\/{rel}","templated":true}]}}