{"id":262,"date":"2025-05-27T10:46:01","date_gmt":"2025-05-27T10:46:01","guid":{"rendered":"https:\/\/www.emalera.eu\/?page_id=262"},"modified":"2025-05-27T10:59:52","modified_gmt":"2025-05-27T10:59:52","slug":"jolly-velia-anvik","status":"publish","type":"page","link":"https:\/\/www.emalera.eu\/?page_id=262","title":{"rendered":"JOLLY VELIA ANVIK"},"content":{"rendered":"\n<figure class=\"wp-block-image size-full\"><img loading=\"lazy\" decoding=\"async\" width=\"364\" height=\"261\" src=\"http:\/\/www.emalera.eu\/wp-content\/uploads\/2025\/05\/Obrazok3-1.jpg\" alt=\"\" class=\"wp-image-38\" srcset=\"https:\/\/www.emalera.eu\/wp-content\/uploads\/2025\/05\/Obrazok3-1.jpg 364w, https:\/\/www.emalera.eu\/wp-content\/uploads\/2025\/05\/Obrazok3-1-300x215.jpg 300w\" sizes=\"auto, (max-width: 364px) 100vw, 364px\" \/><\/figure>\n\n\n\n<p>Cel\u00fd rodokme\u0148 na: <a href=\"https:\/\/www.pedigreedatabase.com\/jack_russell_terrier\/dog.html?id=2492336-jolly-velia-anvik?_v=20160804065846\">https:\/\/www.pedigreedatabase.com\/jack_russell_terrier\/dog.html?id=2492336-jolly-velia-anvik?_v=20160804065846<\/a><\/p>\n\n\n\n<figure class=\"wp-block-image size-full\"><img loading=\"lazy\" decoding=\"async\" width=\"616\" height=\"462\" src=\"https:\/\/www.emalera.eu\/wp-content\/uploads\/2025\/05\/Obrazok2-2.png\" alt=\"\" class=\"wp-image-303\" srcset=\"https:\/\/www.emalera.eu\/wp-content\/uploads\/2025\/05\/Obrazok2-2.png 616w, https:\/\/www.emalera.eu\/wp-content\/uploads\/2025\/05\/Obrazok2-2-300x225.png 300w\" sizes=\"auto, (max-width: 616px) 100vw, 616px\" \/><\/figure>\n\n\n\n<p><strong>Chovate\u013e&nbsp;<\/strong>&#8211; Boris Ro\u0161t\u00e1r,&nbsp;Trnovec<\/p>\n\n\n\n<p><strong>Naroden\u00e1 &#8211;<\/strong>&nbsp;28.10.2014<br><strong>Farba &#8211;&nbsp;<\/strong>bielohned\u00e1<br><strong>Druh srsti &#8211;<\/strong>&nbsp;hrub\u00e1<br><strong>V\u00fd\u0161ka &#8211;<\/strong>&nbsp;30 cm<br><strong>V\u00e1ha &#8211;<\/strong>&nbsp;7 kg<br><strong>Zuby &#8211;<\/strong>&nbsp;plnochrup\u00e1<\/p>\n\n\n\n<p><strong><u>Vy\u0161etrenia:<br><\/u>Lux\u00e1cia pately&nbsp;&#8211;&nbsp;<\/strong>0\/0 MVDr. Kad\u011bra Jakub<strong><br>LOA&nbsp;&nbsp;&nbsp;&#8211;&nbsp;<\/strong>N\/N&nbsp; po rodi\u010doch<strong><br>SCA&nbsp;&#8211;&nbsp;<\/strong>N\/N po rodi\u010doch<strong><br>Potvrdenie chovnosti &#8211;&nbsp;<\/strong>v\u00fdborn\u00e1<\/p>\n\n\n\n<p><strong><u>V\u00ddSTAVY:<\/u><\/strong><\/p>\n\n\n\n<figure class=\"wp-block-table\"><table class=\"has-fixed-layout\"><tbody><tr><td>D\u00c1TUM<\/td><td>V\u00ddSTAVA<\/td><td>TRIEDA<\/td><td>OCENENIE<\/td><\/tr><tr><td>23.10.2015<\/td><td>BRATISLAVA &#8211; klubov\u00e1<\/td><td>mlad\u00fdch<\/td><td>V1, CAJC<\/td><\/tr><tr><td>17.01.2016<\/td><td>NITRA &#8211; medzin\u00e1rodn\u00e1<\/td><td>mlad\u00fdch<\/td><td>V3<\/td><\/tr><\/tbody><\/table><\/figure>\n\n\n\n<p><\/p>\n","protected":false},"excerpt":{"rendered":"<p>Cel\u00fd rodokme\u0148 na: https:\/\/www.pedigreedatabase.com\/jack_russell_terrier\/dog.html?id=2492336-jolly-velia-anvik?_v=20160804065846 Chovate\u013e&nbsp;&#8211; Boris Ro\u0161t\u00e1r,&nbsp;Trnovec Naroden\u00e1 &#8211;&nbsp;28.10.2014Farba &#8211;&nbsp;bielohned\u00e1Druh srsti &#8211;&nbsp;hrub\u00e1V\u00fd\u0161ka &#8211;&nbsp;30 cmV\u00e1ha &#8211;&nbsp;7 kgZuby &#8211;&nbsp;plnochrup\u00e1 Vy\u0161etrenia:Lux\u00e1cia pately&nbsp;&#8211;&nbsp;0\/0 MVDr. Kad\u011bra JakubLOA&nbsp;&nbsp;&nbsp;&#8211;&nbsp;N\/N&nbsp; po rodi\u010dochSCA&nbsp;&#8211;&nbsp;N\/N po rodi\u010dochPotvrdenie chovnosti &#8211;&nbsp;v\u00fdborn\u00e1 V\u00ddSTAVY: D\u00c1TUM V\u00ddSTAVA TRIEDA OCENENIE 23.10.2015 BRATISLAVA &#8211; klubov\u00e1 mlad\u00fdch V1, CAJC 17.01.2016 NITRA &#8211; medzin\u00e1rodn\u00e1 mlad\u00fdch V3<\/p>\n","protected":false},"author":1,"featured_media":0,"parent":0,"menu_order":0,"comment_status":"closed","ping_status":"closed","template":"","meta":{"footnotes":""},"class_list":["post-262","page","type-page","status-publish","hentry"],"_links":{"self":[{"href":"https:\/\/www.emalera.eu\/index.php?rest_route=\/wp\/v2\/pages\/262","targetHints":{"allow":["GET"]}}],"collection":[{"href":"https:\/\/www.emalera.eu\/index.php?rest_route=\/wp\/v2\/pages"}],"about":[{"href":"https:\/\/www.emalera.eu\/index.php?rest_route=\/wp\/v2\/types\/page"}],"author":[{"embeddable":true,"href":"https:\/\/www.emalera.eu\/index.php?rest_route=\/wp\/v2\/users\/1"}],"replies":[{"embeddable":true,"href":"https:\/\/www.emalera.eu\/index.php?rest_route=%2Fwp%2Fv2%2Fcomments&post=262"}],"version-history":[{"count":2,"href":"https:\/\/www.emalera.eu\/index.php?rest_route=\/wp\/v2\/pages\/262\/revisions"}],"predecessor-version":[{"id":304,"href":"https:\/\/www.emalera.eu\/index.php?rest_route=\/wp\/v2\/pages\/262\/revisions\/304"}],"wp:attachment":[{"href":"https:\/\/www.emalera.eu\/index.php?rest_route=%2Fwp%2Fv2%2Fmedia&parent=262"}],"curies":[{"name":"wp","href":"https:\/\/api.w.org\/{rel}","templated":true}]}}