{"id":498,"date":"2025-05-27T13:05:56","date_gmt":"2025-05-27T13:05:56","guid":{"rendered":"https:\/\/www.emalera.eu\/?page_id=498"},"modified":"2025-05-29T09:04:24","modified_gmt":"2025-05-29T09:04:24","slug":"vrh-a2","status":"publish","type":"page","link":"https:\/\/www.emalera.eu\/?page_id=498","title":{"rendered":"VRH A2"},"content":{"rendered":"<div class=\"wp-block-image\">\n<figure class=\"aligncenter size-large\"><img loading=\"lazy\" decoding=\"async\" width=\"1024\" height=\"492\" src=\"https:\/\/www.emalera.eu\/wp-content\/uploads\/2025\/05\/494313090_10230782751125602_7482047202838928607_n-1024x492.jpg\" alt=\"\" class=\"wp-image-512\" srcset=\"https:\/\/www.emalera.eu\/wp-content\/uploads\/2025\/05\/494313090_10230782751125602_7482047202838928607_n-1024x492.jpg 1024w, https:\/\/www.emalera.eu\/wp-content\/uploads\/2025\/05\/494313090_10230782751125602_7482047202838928607_n-300x144.jpg 300w, https:\/\/www.emalera.eu\/wp-content\/uploads\/2025\/05\/494313090_10230782751125602_7482047202838928607_n-768x369.jpg 768w, https:\/\/www.emalera.eu\/wp-content\/uploads\/2025\/05\/494313090_10230782751125602_7482047202838928607_n-1536x739.jpg 1536w, https:\/\/www.emalera.eu\/wp-content\/uploads\/2025\/05\/494313090_10230782751125602_7482047202838928607_n-2048x985.jpg 2048w\" sizes=\"auto, (max-width: 1024px) 100vw, 1024px\" \/><\/figure>\n<\/div>\n\n\n<p>21.4.2025 sa narodili 3 ps\u00edci a 3 fenky<br><br>MATKA<\/p>\n\n\n\n<p><strong><a href=\"https:\/\/www.emalera.eu\/?page_id=686\" data-type=\"page\" data-id=\"686\">SHERLEE SIDNEY EMALERA<\/a><\/strong><\/p>\n\n\n\n<p>OTEC<\/p>\n\n\n\n<p><a href=\"https:\/\/www.emalera.eu\/?page_id=508\" data-type=\"page\" data-id=\"508\"><strong>UTAH EMALERA<\/strong><\/a><\/p>\n\n\n\n<p><strong>Cel\u00fd rodokme\u0148 \u0161teniatok<\/strong><\/p>\n\n\n\n<figure class=\"wp-block-image size-full\"><img loading=\"lazy\" decoding=\"async\" width=\"916\" height=\"535\" src=\"http:\/\/www.emalera.eu\/wp-content\/uploads\/2025\/05\/image.jpg\" alt=\"\" class=\"wp-image-497\" srcset=\"https:\/\/www.emalera.eu\/wp-content\/uploads\/2025\/05\/image.jpg 916w, https:\/\/www.emalera.eu\/wp-content\/uploads\/2025\/05\/image-300x175.jpg 300w, https:\/\/www.emalera.eu\/wp-content\/uploads\/2025\/05\/image-768x449.jpg 768w\" sizes=\"auto, (max-width: 916px) 100vw, 916px\" \/><\/figure>\n","protected":false},"excerpt":{"rendered":"<p>21.4.2025 sa narodili 3 ps\u00edci a 3 fenky MATKA SHERLEE SIDNEY EMALERA OTEC UTAH EMALERA Cel\u00fd rodokme\u0148 \u0161teniatok<\/p>\n","protected":false},"author":1,"featured_media":0,"parent":0,"menu_order":0,"comment_status":"closed","ping_status":"closed","template":"","meta":{"footnotes":""},"class_list":["post-498","page","type-page","status-publish","hentry"],"_links":{"self":[{"href":"https:\/\/www.emalera.eu\/index.php?rest_route=\/wp\/v2\/pages\/498","targetHints":{"allow":["GET"]}}],"collection":[{"href":"https:\/\/www.emalera.eu\/index.php?rest_route=\/wp\/v2\/pages"}],"about":[{"href":"https:\/\/www.emalera.eu\/index.php?rest_route=\/wp\/v2\/types\/page"}],"author":[{"embeddable":true,"href":"https:\/\/www.emalera.eu\/index.php?rest_route=\/wp\/v2\/users\/1"}],"replies":[{"embeddable":true,"href":"https:\/\/www.emalera.eu\/index.php?rest_route=%2Fwp%2Fv2%2Fcomments&post=498"}],"version-history":[{"count":4,"href":"https:\/\/www.emalera.eu\/index.php?rest_route=\/wp\/v2\/pages\/498\/revisions"}],"predecessor-version":[{"id":697,"href":"https:\/\/www.emalera.eu\/index.php?rest_route=\/wp\/v2\/pages\/498\/revisions\/697"}],"wp:attachment":[{"href":"https:\/\/www.emalera.eu\/index.php?rest_route=%2Fwp%2Fv2%2Fmedia&parent=498"}],"curies":[{"name":"wp","href":"https:\/\/api.w.org\/{rel}","templated":true}]}}