{"id":500,"date":"2025-05-27T13:06:03","date_gmt":"2025-05-27T13:06:03","guid":{"rendered":"https:\/\/www.emalera.eu\/?page_id=500"},"modified":"2025-05-27T13:13:26","modified_gmt":"2025-05-27T13:13:26","slug":"vrh-b2","status":"publish","type":"page","link":"https:\/\/www.emalera.eu\/?page_id=500","title":{"rendered":"VRH B2"},"content":{"rendered":"\n<figure class=\"wp-block-image size-full is-resized\"><img loading=\"lazy\" decoding=\"async\" width=\"417\" height=\"193\" src=\"https:\/\/www.emalera.eu\/wp-content\/uploads\/2025\/05\/491923351_10230783183696416_2741684223578911095_n.jpg\" alt=\"\" class=\"wp-image-516\" style=\"width:555px;height:auto\" srcset=\"https:\/\/www.emalera.eu\/wp-content\/uploads\/2025\/05\/491923351_10230783183696416_2741684223578911095_n.jpg 417w, https:\/\/www.emalera.eu\/wp-content\/uploads\/2025\/05\/491923351_10230783183696416_2741684223578911095_n-300x139.jpg 300w\" sizes=\"auto, (max-width: 417px) 100vw, 417px\" \/><\/figure>\n\n\n\n<p>23.4.2025 sa narodili 4 ps\u00edci a 1 fenka<br><br>MATKA<\/p>\n\n\n\n<p><strong><a href=\"https:\/\/www.emalera.eu\/?page_id=504\" data-type=\"page\" data-id=\"504\">Ursula Emalera<\/a><\/strong><\/p>\n\n\n\n<p>OTEC<\/p>\n\n\n\n<p><strong>Strong Sun Elisey<\/strong><\/p>\n\n\n\n<p><strong>Cel\u00fd rodokme\u0148 \u0161teniatok<\/strong><\/p>\n\n\n\n<figure class=\"wp-block-image size-full\"><img loading=\"lazy\" decoding=\"async\" width=\"860\" height=\"500\" src=\"http:\/\/www.emalera.eu\/wp-content\/uploads\/2025\/05\/iemage.jpg\" alt=\"\" class=\"wp-image-502\" srcset=\"https:\/\/www.emalera.eu\/wp-content\/uploads\/2025\/05\/iemage.jpg 860w, https:\/\/www.emalera.eu\/wp-content\/uploads\/2025\/05\/iemage-300x174.jpg 300w, https:\/\/www.emalera.eu\/wp-content\/uploads\/2025\/05\/iemage-768x447.jpg 768w\" sizes=\"auto, (max-width: 860px) 100vw, 860px\" \/><\/figure>\n","protected":false},"excerpt":{"rendered":"<p>23.4.2025 sa narodili 4 ps\u00edci a 1 fenka MATKA Ursula Emalera OTEC Strong Sun Elisey Cel\u00fd rodokme\u0148 \u0161teniatok<\/p>\n","protected":false},"author":1,"featured_media":0,"parent":0,"menu_order":0,"comment_status":"closed","ping_status":"closed","template":"","meta":{"footnotes":""},"class_list":["post-500","page","type-page","status-publish","hentry"],"_links":{"self":[{"href":"https:\/\/www.emalera.eu\/index.php?rest_route=\/wp\/v2\/pages\/500","targetHints":{"allow":["GET"]}}],"collection":[{"href":"https:\/\/www.emalera.eu\/index.php?rest_route=\/wp\/v2\/pages"}],"about":[{"href":"https:\/\/www.emalera.eu\/index.php?rest_route=\/wp\/v2\/types\/page"}],"author":[{"embeddable":true,"href":"https:\/\/www.emalera.eu\/index.php?rest_route=\/wp\/v2\/users\/1"}],"replies":[{"embeddable":true,"href":"https:\/\/www.emalera.eu\/index.php?rest_route=%2Fwp%2Fv2%2Fcomments&post=500"}],"version-history":[{"count":3,"href":"https:\/\/www.emalera.eu\/index.php?rest_route=\/wp\/v2\/pages\/500\/revisions"}],"predecessor-version":[{"id":517,"href":"https:\/\/www.emalera.eu\/index.php?rest_route=\/wp\/v2\/pages\/500\/revisions\/517"}],"wp:attachment":[{"href":"https:\/\/www.emalera.eu\/index.php?rest_route=%2Fwp%2Fv2%2Fmedia&parent=500"}],"curies":[{"name":"wp","href":"https:\/\/api.w.org\/{rel}","templated":true}]}}