{"id":6,"date":"2025-05-27T08:47:36","date_gmt":"2025-05-27T08:47:36","guid":{"rendered":"https:\/\/www.emalera.eu\/?page_id=6"},"modified":"2025-05-29T09:44:08","modified_gmt":"2025-05-29T09:44:08","slug":"kontakt","status":"publish","type":"page","link":"https:\/\/www.emalera.eu\/?page_id=6","title":{"rendered":"KONTAKT"},"content":{"rendered":"\n<div class=\"wp-block-columns is-layout-flex wp-container-core-columns-is-layout-9d6595d7 wp-block-columns-is-layout-flex\">\n<div class=\"wp-block-column is-layout-flow wp-block-column-is-layout-flow\"><div class=\"wp-block-image\">\n<figure class=\"alignright size-full is-resized\"><img loading=\"lazy\" decoding=\"async\" width=\"462\" height=\"463\" src=\"http:\/\/www.emalera.eu\/wp-content\/uploads\/2025\/05\/12804614_10207074585436277_7303112434411265274_n.jpg\" alt=\"\" class=\"wp-image-221\" style=\"width:189px;height:auto\" srcset=\"https:\/\/www.emalera.eu\/wp-content\/uploads\/2025\/05\/12804614_10207074585436277_7303112434411265274_n.jpg 462w, https:\/\/www.emalera.eu\/wp-content\/uploads\/2025\/05\/12804614_10207074585436277_7303112434411265274_n-300x300.jpg 300w, https:\/\/www.emalera.eu\/wp-content\/uploads\/2025\/05\/12804614_10207074585436277_7303112434411265274_n-150x150.jpg 150w\" sizes=\"auto, (max-width: 462px) 100vw, 462px\" \/><\/figure>\n<\/div><\/div>\n\n\n\n<div class=\"wp-block-column is-layout-flow wp-block-column-is-layout-flow\">\n<p><strong>Zuzana Z\u00e1vodn\u00e1<br>Skalica, Slovensk\u00e1 republika<\/strong><\/p>\n\n\n\n<p><a href=\"mailto:zavodzza@ehs.sk\"><strong>emalerajrt<\/strong><\/a><a href=\"mailto:zavodzza@ehs.sk\"><strong>@gmail.com<\/strong><\/a><\/p>\n\n\n\n<p><strong>tel a WhatsApp: <\/strong><br><strong>00421 907 893 546<\/strong><\/p>\n\n\n\n<p><strong>Messenger a FB<\/strong>: <strong>Zuzana Z\u00e1vodn\u00e1 (Kennel Emalera)<\/strong><\/p>\n<\/div>\n<\/div>\n\n\n\n<p><\/p>\n\n\n\n<p><\/p>\n\n\n\n<p><\/p>\n\n\n\n<p><\/p>\n","protected":false},"excerpt":{"rendered":"<p>Zuzana Z\u00e1vodn\u00e1Skalica, Slovensk\u00e1 republika emalerajrt@gmail.com tel a WhatsApp: 00421 907 893 546 Messenger a FB: Zuzana Z\u00e1vodn\u00e1 (Kennel Emalera)<\/p>\n","protected":false},"author":1,"featured_media":424,"parent":0,"menu_order":0,"comment_status":"closed","ping_status":"closed","template":"","meta":{"footnotes":""},"class_list":["post-6","page","type-page","status-publish","has-post-thumbnail","hentry"],"_links":{"self":[{"href":"https:\/\/www.emalera.eu\/index.php?rest_route=\/wp\/v2\/pages\/6","targetHints":{"allow":["GET"]}}],"collection":[{"href":"https:\/\/www.emalera.eu\/index.php?rest_route=\/wp\/v2\/pages"}],"about":[{"href":"https:\/\/www.emalera.eu\/index.php?rest_route=\/wp\/v2\/types\/page"}],"author":[{"embeddable":true,"href":"https:\/\/www.emalera.eu\/index.php?rest_route=\/wp\/v2\/users\/1"}],"replies":[{"embeddable":true,"href":"https:\/\/www.emalera.eu\/index.php?rest_route=%2Fwp%2Fv2%2Fcomments&post=6"}],"version-history":[{"count":10,"href":"https:\/\/www.emalera.eu\/index.php?rest_route=\/wp\/v2\/pages\/6\/revisions"}],"predecessor-version":[{"id":755,"href":"https:\/\/www.emalera.eu\/index.php?rest_route=\/wp\/v2\/pages\/6\/revisions\/755"}],"wp:featuredmedia":[{"embeddable":true,"href":"https:\/\/www.emalera.eu\/index.php?rest_route=\/wp\/v2\/media\/424"}],"wp:attachment":[{"href":"https:\/\/www.emalera.eu\/index.php?rest_route=%2Fwp%2Fv2%2Fmedia&parent=6"}],"curies":[{"name":"wp","href":"https:\/\/api.w.org\/{rel}","templated":true}]}}