{"id":60,"date":"2025-05-27T09:13:42","date_gmt":"2025-05-27T09:13:42","guid":{"rendered":"https:\/\/www.emalera.eu\/?page_id=60"},"modified":"2025-05-27T09:13:42","modified_gmt":"2025-05-27T09:13:42","slug":"vrh-d","status":"publish","type":"page","link":"https:\/\/www.emalera.eu\/?page_id=60","title":{"rendered":"Vrh D"},"content":{"rendered":"\n<figure class=\"wp-block-image size-large\"><img loading=\"lazy\" decoding=\"async\" width=\"1024\" height=\"351\" src=\"https:\/\/www.emalera.eu\/wp-content\/uploads\/2025\/05\/Obrazok1-3-1024x351.jpg\" alt=\"\" class=\"wp-image-61\" srcset=\"https:\/\/www.emalera.eu\/wp-content\/uploads\/2025\/05\/Obrazok1-3-1024x351.jpg 1024w, https:\/\/www.emalera.eu\/wp-content\/uploads\/2025\/05\/Obrazok1-3-300x103.jpg 300w, https:\/\/www.emalera.eu\/wp-content\/uploads\/2025\/05\/Obrazok1-3-768x263.jpg 768w, https:\/\/www.emalera.eu\/wp-content\/uploads\/2025\/05\/Obrazok1-3.jpg 1472w\" sizes=\"auto, (max-width: 1024px) 100vw, 1024px\" \/><\/figure>\n\n\n\n<p>11.3.2017\u00a0pri\u0161li na svet 3 ps\u00edci a 3 fenky<br>v\u0161etky fotky na\u00a0<a href=\"http:\/\/zavodzza.rajce.idnes.cz\/Litter_D_Emalera\/\"><strong>http:\/\/zavodzza.rajce.idnes.cz\/Litter_D_Emalera\/<\/strong><\/a><br><br>MATKA<\/p>\n\n\n\n<p><a href=\"http:\/\/www.emalera.eu\/fabi.html\"><strong>FUSSY FABIOLA DRAPICHRUST<\/strong><\/a><strong>&nbsp;viac inform\u00e1cii&nbsp;<\/strong><a href=\"http:\/\/www.emalera.eu\/fabi.html\">TU<\/a><\/p>\n\n\n\n<figure class=\"wp-block-image size-full\"><img loading=\"lazy\" decoding=\"async\" width=\"643\" height=\"460\" src=\"https:\/\/www.emalera.eu\/wp-content\/uploads\/2025\/05\/Obrazok4-2.jpg\" alt=\"\" class=\"wp-image-62\" srcset=\"https:\/\/www.emalera.eu\/wp-content\/uploads\/2025\/05\/Obrazok4-2.jpg 643w, https:\/\/www.emalera.eu\/wp-content\/uploads\/2025\/05\/Obrazok4-2-300x215.jpg 300w\" sizes=\"auto, (max-width: 643px) 100vw, 643px\" \/><\/figure>\n\n\n\n<p>OTEC<\/p>\n\n\n\n<p><a href=\"http:\/\/www.pedigreedatabase.com\/jack_russell_terrier\/dog.html?id=1208526-exkluzive-eddie-pemiko\">ZOLOTAYA KORONA NON PAREL<\/a>&nbsp;<strong>viac inform\u00e1cii&nbsp;<\/strong><a href=\"http:\/\/annpuzzle.weebly.com\/buddy.html\"><strong>TU<\/strong><\/a><\/p>\n\n\n\n<figure class=\"wp-block-image size-full\"><img loading=\"lazy\" decoding=\"async\" width=\"643\" height=\"428\" src=\"https:\/\/www.emalera.eu\/wp-content\/uploads\/2025\/05\/Obrazok3-3.jpg\" alt=\"\" class=\"wp-image-64\" srcset=\"https:\/\/www.emalera.eu\/wp-content\/uploads\/2025\/05\/Obrazok3-3.jpg 643w, https:\/\/www.emalera.eu\/wp-content\/uploads\/2025\/05\/Obrazok3-3-300x200.jpg 300w\" sizes=\"auto, (max-width: 643px) 100vw, 643px\" \/><\/figure>\n\n\n\n<p><strong>Cel\u00fd rodokme\u0148 \u0161teniatok&nbsp;<\/strong><a href=\"http:\/\/ingrus.net\/russell\/en\/testmating.php?female=8952&amp;male=7998\"><strong>TU<\/strong><\/a><\/p>\n\n\n\n<figure class=\"wp-block-image size-full\"><img loading=\"lazy\" decoding=\"async\" width=\"643\" height=\"481\" src=\"https:\/\/www.emalera.eu\/wp-content\/uploads\/2025\/05\/Obrazok2-1.jpg\" alt=\"\" class=\"wp-image-65\" srcset=\"https:\/\/www.emalera.eu\/wp-content\/uploads\/2025\/05\/Obrazok2-1.jpg 643w, https:\/\/www.emalera.eu\/wp-content\/uploads\/2025\/05\/Obrazok2-1-300x224.jpg 300w\" sizes=\"auto, (max-width: 643px) 100vw, 643px\" \/><\/figure>\n\n\n\n<p><strong><u>PS\u00cdCI<\/u><\/strong>&nbsp;&nbsp;<\/p>\n\n\n\n<p><strong>DUFF Diamond Emalera&nbsp;&#8211; ps\u00edk, Slovensko, Hviezdoslavov<\/strong><\/p>\n\n\n\n<p><strong>fotky&nbsp;<\/strong><a href=\"http:\/\/zavodzza.rajce.idnes.cz\/Duff_Diamond_Emalera\/\"><strong>http:\/\/zavodzza.rajce.idnes.cz\/Duff_Diamond_Emalera\/<\/strong><\/a><\/p>\n\n\n\n<figure class=\"wp-block-image size-full\"><img loading=\"lazy\" decoding=\"async\" width=\"482\" height=\"321\" src=\"https:\/\/www.emalera.eu\/wp-content\/uploads\/2025\/05\/Obrazok5-2.jpg\" alt=\"\" class=\"wp-image-66\" srcset=\"https:\/\/www.emalera.eu\/wp-content\/uploads\/2025\/05\/Obrazok5-2.jpg 482w, https:\/\/www.emalera.eu\/wp-content\/uploads\/2025\/05\/Obrazok5-2-300x200.jpg 300w\" sizes=\"auto, (max-width: 482px) 100vw, 482px\" \/><\/figure>\n\n\n\n<p><strong>DaSPER EMALERA&nbsp;&#8211; ps\u00edk, Nemecko, S\u00fcsterseel, Selfkant<\/strong><\/p>\n\n\n\n<p><strong>fotky&nbsp;<\/strong><a href=\"http:\/\/zavodzza.rajce.idnes.cz\/Dasper_Emalera\/\"><strong>http:\/\/zavodzza.rajce.idnes.cz\/Dasper_Emalera\/<\/strong><\/a><\/p>\n\n\n\n<figure class=\"wp-block-image size-full\"><img loading=\"lazy\" decoding=\"async\" width=\"482\" height=\"345\" src=\"https:\/\/www.emalera.eu\/wp-content\/uploads\/2025\/05\/Obrazok6-3.jpg\" alt=\"\" class=\"wp-image-67\" srcset=\"https:\/\/www.emalera.eu\/wp-content\/uploads\/2025\/05\/Obrazok6-3.jpg 482w, https:\/\/www.emalera.eu\/wp-content\/uploads\/2025\/05\/Obrazok6-3-300x215.jpg 300w\" sizes=\"auto, (max-width: 482px) 100vw, 482px\" \/><\/figure>\n\n\n\n<p><strong>Deus Daemon EMALERA&nbsp;&#8211; ps\u00edk, Slovensko, Sere\u010f<\/strong><\/p>\n\n\n\n<p><strong>fotky&nbsp;<\/strong><a href=\"http:\/\/zavodzza.rajce.idnes.cz\/Deus_Daemon_EMALERA\/\"><strong>http:\/\/zavodzza.rajce.idnes.cz\/Deus_Daemon_EMALERA\/<\/strong><\/a><\/p>\n\n\n\n<figure class=\"wp-block-image size-large\"><img loading=\"lazy\" decoding=\"async\" width=\"1024\" height=\"682\" src=\"https:\/\/www.emalera.eu\/wp-content\/uploads\/2025\/05\/Obrazok7-2-1024x682.jpg\" alt=\"\" class=\"wp-image-68\" srcset=\"https:\/\/www.emalera.eu\/wp-content\/uploads\/2025\/05\/Obrazok7-2-1024x682.jpg 1024w, https:\/\/www.emalera.eu\/wp-content\/uploads\/2025\/05\/Obrazok7-2-300x200.jpg 300w, https:\/\/www.emalera.eu\/wp-content\/uploads\/2025\/05\/Obrazok7-2-768x511.jpg 768w, https:\/\/www.emalera.eu\/wp-content\/uploads\/2025\/05\/Obrazok7-2.jpg 1472w\" sizes=\"auto, (max-width: 1024px) 100vw, 1024px\" \/><\/figure>\n\n\n\n<p><strong><u>FENKY<\/u><\/strong><\/p>\n\n\n\n<p><strong>Double Fabi EMALERA&nbsp;&#8211;&nbsp;fenka, \u010cesko, Beroun<\/strong><\/p>\n\n\n\n<p><strong>fotky&nbsp;<\/strong><a href=\"http:\/\/zavodzza.rajce.idnes.cz\/Double_Fabi_Emalera\/\"><strong>http:\/\/zavodzza.rajce.idnes.cz\/Double_Fabi_Emalera\/<\/strong><\/a><\/p>\n\n\n\n<figure class=\"wp-block-image size-full\"><img loading=\"lazy\" decoding=\"async\" width=\"482\" height=\"321\" src=\"https:\/\/www.emalera.eu\/wp-content\/uploads\/2025\/05\/Obrazok8-2.jpg\" alt=\"\" class=\"wp-image-69\" srcset=\"https:\/\/www.emalera.eu\/wp-content\/uploads\/2025\/05\/Obrazok8-2.jpg 482w, https:\/\/www.emalera.eu\/wp-content\/uploads\/2025\/05\/Obrazok8-2-300x200.jpg 300w\" sizes=\"auto, (max-width: 482px) 100vw, 482px\" \/><\/figure>\n\n\n\n<p><strong>Dear vixen EMALERA&nbsp;&#8211;&nbsp;fenka, Slovensko, Skalica<\/strong><\/p>\n\n\n\n<p><strong>fotky&nbsp;<\/strong><a href=\"http:\/\/zavodzza.rajce.idnes.cz\/Dear_Vixen_Emalera\/\"><strong>http:\/\/zavodzza.rajce.idnes.cz\/Dear_Vixen_Emalera\/<\/strong><\/a><\/p>\n\n\n\n<figure class=\"wp-block-image size-full\"><img loading=\"lazy\" decoding=\"async\" width=\"482\" height=\"351\" src=\"https:\/\/www.emalera.eu\/wp-content\/uploads\/2025\/05\/Obrazok9.jpg\" alt=\"\" class=\"wp-image-70\" srcset=\"https:\/\/www.emalera.eu\/wp-content\/uploads\/2025\/05\/Obrazok9.jpg 482w, https:\/\/www.emalera.eu\/wp-content\/uploads\/2025\/05\/Obrazok9-300x218.jpg 300w\" sizes=\"auto, (max-width: 482px) 100vw, 482px\" \/><\/figure>\n\n\n\n<p><strong>Dark Gloria EMALERA&nbsp;&#8211;&nbsp;fenka, Slovensko, Skalica<\/strong><\/p>\n\n\n\n<p><strong>fotky&nbsp;<\/strong><a href=\"http:\/\/zavodzza.rajce.idnes.cz\/Dark_Gloria_Emalera\/\"><strong>http:\/\/zavodzza.rajce.idnes.cz\/Dark_Gloria_Emalera\/<\/strong><\/a><\/p>\n\n\n\n<figure class=\"wp-block-image size-full\"><img loading=\"lazy\" decoding=\"async\" width=\"482\" height=\"321\" src=\"https:\/\/www.emalera.eu\/wp-content\/uploads\/2025\/05\/Obrazok10-1.jpg\" alt=\"\" class=\"wp-image-71\" srcset=\"https:\/\/www.emalera.eu\/wp-content\/uploads\/2025\/05\/Obrazok10-1.jpg 482w, https:\/\/www.emalera.eu\/wp-content\/uploads\/2025\/05\/Obrazok10-1-300x200.jpg 300w\" sizes=\"auto, (max-width: 482px) 100vw, 482px\" \/><\/figure>\n\n\n\n<p><\/p>\n","protected":false},"excerpt":{"rendered":"<p>11.3.2017\u00a0pri\u0161li na svet 3 ps\u00edci a 3 fenkyv\u0161etky fotky na\u00a0http:\/\/zavodzza.rajce.idnes.cz\/Litter_D_Emalera\/ MATKA FUSSY FABIOLA DRAPICHRUST&nbsp;viac inform\u00e1cii&nbsp;TU OTEC ZOLOTAYA KORONA NON PAREL&nbsp;viac inform\u00e1cii&nbsp;TU Cel\u00fd rodokme\u0148 \u0161teniatok&nbsp;TU PS\u00cdCI&nbsp;&nbsp; DUFF Diamond Emalera&nbsp;&#8211; ps\u00edk, Slovensko, Hviezdoslavov fotky&nbsp;http:\/\/zavodzza.rajce.idnes.cz\/Duff_Diamond_Emalera\/ DaSPER EMALERA&nbsp;&#8211; ps\u00edk, Nemecko, S\u00fcsterseel, Selfkant fotky&nbsp;http:\/\/zavodzza.rajce.idnes.cz\/Dasper_Emalera\/ Deus Daemon EMALERA&nbsp;&#8211; ps\u00edk, Slovensko, Sere\u010f fotky&nbsp;http:\/\/zavodzza.rajce.idnes.cz\/Deus_Daemon_EMALERA\/ FENKY Double Fabi EMALERA&nbsp;&#8211;&nbsp;fenka, \u010cesko, Beroun fotky&nbsp;http:\/\/zavodzza.rajce.idnes.cz\/Double_Fabi_Emalera\/ Dear vixen &hellip; <a href=\"https:\/\/www.emalera.eu\/?page_id=60\" class=\"more-link\">Pokra\u010dov\u00e1n\u00ed textu <span class=\"screen-reader-text\">Vrh D<\/span><\/a><\/p>\n","protected":false},"author":1,"featured_media":0,"parent":0,"menu_order":0,"comment_status":"closed","ping_status":"closed","template":"","meta":{"footnotes":""},"class_list":["post-60","page","type-page","status-publish","hentry"],"_links":{"self":[{"href":"https:\/\/www.emalera.eu\/index.php?rest_route=\/wp\/v2\/pages\/60","targetHints":{"allow":["GET"]}}],"collection":[{"href":"https:\/\/www.emalera.eu\/index.php?rest_route=\/wp\/v2\/pages"}],"about":[{"href":"https:\/\/www.emalera.eu\/index.php?rest_route=\/wp\/v2\/types\/page"}],"author":[{"embeddable":true,"href":"https:\/\/www.emalera.eu\/index.php?rest_route=\/wp\/v2\/users\/1"}],"replies":[{"embeddable":true,"href":"https:\/\/www.emalera.eu\/index.php?rest_route=%2Fwp%2Fv2%2Fcomments&post=60"}],"version-history":[{"count":1,"href":"https:\/\/www.emalera.eu\/index.php?rest_route=\/wp\/v2\/pages\/60\/revisions"}],"predecessor-version":[{"id":72,"href":"https:\/\/www.emalera.eu\/index.php?rest_route=\/wp\/v2\/pages\/60\/revisions\/72"}],"wp:attachment":[{"href":"https:\/\/www.emalera.eu\/index.php?rest_route=%2Fwp%2Fv2%2Fmedia&parent=60"}],"curies":[{"name":"wp","href":"https:\/\/api.w.org\/{rel}","templated":true}]}}