{"id":603,"date":"2025-05-29T07:56:23","date_gmt":"2025-05-29T07:56:23","guid":{"rendered":"https:\/\/www.emalera.eu\/?page_id=603"},"modified":"2025-05-29T08:48:37","modified_gmt":"2025-05-29T08:48:37","slug":"vrh-z","status":"publish","type":"page","link":"https:\/\/www.emalera.eu\/?page_id=603","title":{"rendered":"VRH Z"},"content":{"rendered":"\n<figure class=\"wp-block-image size-large\"><img loading=\"lazy\" decoding=\"async\" width=\"1024\" height=\"393\" src=\"https:\/\/www.emalera.eu\/wp-content\/uploads\/2025\/05\/459589697_10228314665104994_1417075835703164317_n-1024x393.jpg\" alt=\"\" class=\"wp-image-604\" srcset=\"https:\/\/www.emalera.eu\/wp-content\/uploads\/2025\/05\/459589697_10228314665104994_1417075835703164317_n-1024x393.jpg 1024w, https:\/\/www.emalera.eu\/wp-content\/uploads\/2025\/05\/459589697_10228314665104994_1417075835703164317_n-300x115.jpg 300w, https:\/\/www.emalera.eu\/wp-content\/uploads\/2025\/05\/459589697_10228314665104994_1417075835703164317_n-768x295.jpg 768w, https:\/\/www.emalera.eu\/wp-content\/uploads\/2025\/05\/459589697_10228314665104994_1417075835703164317_n-1536x590.jpg 1536w, https:\/\/www.emalera.eu\/wp-content\/uploads\/2025\/05\/459589697_10228314665104994_1417075835703164317_n.jpg 2048w\" sizes=\"auto, (max-width: 1024px) 100vw, 1024px\" \/><\/figure>\n\n\n\n<p>14.9.2024&nbsp;pri\u0161li na svet 2 ps\u00edci a 4 fenky<\/p>\n\n\n\n<p>MATKA<\/p>\n\n\n\n<p><strong><a href=\"https:\/\/www.emalera.eu\/?page_id=675\" data-type=\"page\" data-id=\"675\">RUTTA BONNYFART PERLYNA PRYKARPATTYA<\/a><\/strong><\/p>\n\n\n\n<p>OTEC<\/p>\n\n\n\n<p><strong>ZEYN BILLI<\/strong><\/p>\n\n\n\n<p><strong>Cel\u00fd rodokme\u0148 \u0161teniatok&nbsp;<a href=\"https:\/\/l.facebook.com\/l.php?u=https%3A%2F%2Fwww.pedigreedex.com%2Fpedigree%2Fsimulator-result%3Fsire%3D1754620%26dam%3D1140633%26fbclid%3DIwZXh0bgNhZW0CMTAAYnJpZBEwcFdWNkMzSERNMHV5UjhmSAEeHc0Pn53f8tmldnN7EmBBLm1cVVLOy7xYOiLGqOTNll_RZ-jWWeUf47dXZLE_aem_E8u8gKa77Us1SE8oUhF-jw&amp;h=AT2c53t0kLPIwhVw5EGjU3sKUPn_DFGenLCbFXajrtzetDJ2uNSE8z6N7Mobdi4UC9lBlJ0zpvX5QZ1Zv-6v-9D56EkHvbIyqu6QwEHSHg5CheEhvtXcUbYUCylJS024AwMyRbZQbcziPDaU\">TU<\/a><\/strong><\/p>\n\n\n\n<figure class=\"wp-block-image size-full\"><img loading=\"lazy\" decoding=\"async\" width=\"929\" height=\"542\" src=\"http:\/\/www.emalera.eu\/wp-content\/uploads\/2025\/05\/459407506_10228314662664933_364516427089965359_n.jpg\" alt=\"\" class=\"wp-image-600\" srcset=\"https:\/\/www.emalera.eu\/wp-content\/uploads\/2025\/05\/459407506_10228314662664933_364516427089965359_n.jpg 929w, https:\/\/www.emalera.eu\/wp-content\/uploads\/2025\/05\/459407506_10228314662664933_364516427089965359_n-300x175.jpg 300w, https:\/\/www.emalera.eu\/wp-content\/uploads\/2025\/05\/459407506_10228314662664933_364516427089965359_n-768x448.jpg 768w\" sizes=\"auto, (max-width: 929px) 100vw, 929px\" \/><\/figure>\n\n\n\n<hr class=\"wp-block-separator has-alpha-channel-opacity\"\/>\n\n\n\n<p><strong><strong>PS\u00cdCI:<\/strong><\/strong><\/p>\n\n\n\n<p><strong>ZEBEDEE EMALERA<\/strong><\/p>\n\n\n\n<figure class=\"wp-block-image size-large\"><img loading=\"lazy\" decoding=\"async\" width=\"1024\" height=\"769\" src=\"https:\/\/www.emalera.eu\/wp-content\/uploads\/2025\/05\/465004900_10228989722020995_1749829821424806918_n-1024x769.jpg\" alt=\"\" class=\"wp-image-605\" srcset=\"https:\/\/www.emalera.eu\/wp-content\/uploads\/2025\/05\/465004900_10228989722020995_1749829821424806918_n-1024x769.jpg 1024w, https:\/\/www.emalera.eu\/wp-content\/uploads\/2025\/05\/465004900_10228989722020995_1749829821424806918_n-300x225.jpg 300w, https:\/\/www.emalera.eu\/wp-content\/uploads\/2025\/05\/465004900_10228989722020995_1749829821424806918_n-768x577.jpg 768w, https:\/\/www.emalera.eu\/wp-content\/uploads\/2025\/05\/465004900_10228989722020995_1749829821424806918_n-1536x1154.jpg 1536w, https:\/\/www.emalera.eu\/wp-content\/uploads\/2025\/05\/465004900_10228989722020995_1749829821424806918_n.jpg 2048w\" sizes=\"auto, (max-width: 1024px) 100vw, 1024px\" \/><\/figure>\n\n\n\n<p><strong>ZBOJN\u00cdK WALIE EMALERA<\/strong><\/p>\n\n\n\n<figure class=\"wp-block-image size-large\"><img loading=\"lazy\" decoding=\"async\" width=\"1024\" height=\"769\" src=\"https:\/\/www.emalera.eu\/wp-content\/uploads\/2025\/05\/465916442_10228989722581009_2198667625104066608_n-1024x769.jpg\" alt=\"\" class=\"wp-image-606\" srcset=\"https:\/\/www.emalera.eu\/wp-content\/uploads\/2025\/05\/465916442_10228989722581009_2198667625104066608_n-1024x769.jpg 1024w, https:\/\/www.emalera.eu\/wp-content\/uploads\/2025\/05\/465916442_10228989722581009_2198667625104066608_n-300x225.jpg 300w, https:\/\/www.emalera.eu\/wp-content\/uploads\/2025\/05\/465916442_10228989722581009_2198667625104066608_n-768x577.jpg 768w, https:\/\/www.emalera.eu\/wp-content\/uploads\/2025\/05\/465916442_10228989722581009_2198667625104066608_n-1536x1154.jpg 1536w, https:\/\/www.emalera.eu\/wp-content\/uploads\/2025\/05\/465916442_10228989722581009_2198667625104066608_n.jpg 2048w\" sizes=\"auto, (max-width: 1024px) 100vw, 1024px\" \/><\/figure>\n\n\n\n<p><strong>FENKY:<\/strong><\/p>\n\n\n\n<p><strong>ZAFIRA EMALERA<\/strong><\/p>\n\n\n\n<figure class=\"wp-block-image size-large\"><img loading=\"lazy\" decoding=\"async\" width=\"1024\" height=\"769\" src=\"https:\/\/www.emalera.eu\/wp-content\/uploads\/2025\/05\/466386122_10228989723021020_6299775862553603603_n-1024x769.jpg\" alt=\"\" class=\"wp-image-607\" srcset=\"https:\/\/www.emalera.eu\/wp-content\/uploads\/2025\/05\/466386122_10228989723021020_6299775862553603603_n-1024x769.jpg 1024w, https:\/\/www.emalera.eu\/wp-content\/uploads\/2025\/05\/466386122_10228989723021020_6299775862553603603_n-300x225.jpg 300w, https:\/\/www.emalera.eu\/wp-content\/uploads\/2025\/05\/466386122_10228989723021020_6299775862553603603_n-768x577.jpg 768w, https:\/\/www.emalera.eu\/wp-content\/uploads\/2025\/05\/466386122_10228989723021020_6299775862553603603_n-1536x1154.jpg 1536w, https:\/\/www.emalera.eu\/wp-content\/uploads\/2025\/05\/466386122_10228989723021020_6299775862553603603_n.jpg 2048w\" sizes=\"auto, (max-width: 1024px) 100vw, 1024px\" \/><\/figure>\n\n\n\n<p>ZETA FOR D&amp;D EMALERA<\/p>\n\n\n\n<figure class=\"wp-block-image size-large\"><img loading=\"lazy\" decoding=\"async\" width=\"1024\" height=\"769\" src=\"https:\/\/www.emalera.eu\/wp-content\/uploads\/2025\/05\/461094540_10228989723221025_1840223194605957489_n-1024x769.jpg\" alt=\"\" class=\"wp-image-608\" srcset=\"https:\/\/www.emalera.eu\/wp-content\/uploads\/2025\/05\/461094540_10228989723221025_1840223194605957489_n-1024x769.jpg 1024w, https:\/\/www.emalera.eu\/wp-content\/uploads\/2025\/05\/461094540_10228989723221025_1840223194605957489_n-300x225.jpg 300w, https:\/\/www.emalera.eu\/wp-content\/uploads\/2025\/05\/461094540_10228989723221025_1840223194605957489_n-768x577.jpg 768w, https:\/\/www.emalera.eu\/wp-content\/uploads\/2025\/05\/461094540_10228989723221025_1840223194605957489_n-1536x1154.jpg 1536w, https:\/\/www.emalera.eu\/wp-content\/uploads\/2025\/05\/461094540_10228989723221025_1840223194605957489_n.jpg 2048w\" sizes=\"auto, (max-width: 1024px) 100vw, 1024px\" \/><\/figure>\n\n\n\n<p><strong>ZAHARA EMALERA<\/strong><\/p>\n\n\n\n<figure class=\"wp-block-image size-large\"><img loading=\"lazy\" decoding=\"async\" width=\"1024\" height=\"769\" src=\"https:\/\/www.emalera.eu\/wp-content\/uploads\/2025\/05\/465580119_10228989723461031_7985474541352516473_n-1024x769.jpg\" alt=\"\" class=\"wp-image-609\" srcset=\"https:\/\/www.emalera.eu\/wp-content\/uploads\/2025\/05\/465580119_10228989723461031_7985474541352516473_n-1024x769.jpg 1024w, https:\/\/www.emalera.eu\/wp-content\/uploads\/2025\/05\/465580119_10228989723461031_7985474541352516473_n-300x225.jpg 300w, https:\/\/www.emalera.eu\/wp-content\/uploads\/2025\/05\/465580119_10228989723461031_7985474541352516473_n-768x577.jpg 768w, https:\/\/www.emalera.eu\/wp-content\/uploads\/2025\/05\/465580119_10228989723461031_7985474541352516473_n-1536x1154.jpg 1536w, https:\/\/www.emalera.eu\/wp-content\/uploads\/2025\/05\/465580119_10228989723461031_7985474541352516473_n.jpg 2048w\" sizes=\"auto, (max-width: 1024px) 100vw, 1024px\" \/><\/figure>\n\n\n\n<p><strong>ZARAH EMALERA<\/strong><\/p>\n\n\n\n<figure class=\"wp-block-image size-large\"><img loading=\"lazy\" decoding=\"async\" width=\"1024\" height=\"769\" src=\"https:\/\/www.emalera.eu\/wp-content\/uploads\/2025\/05\/465581114_10228989723661036_62077173684851968_n-1024x769.jpg\" alt=\"\" class=\"wp-image-610\" srcset=\"https:\/\/www.emalera.eu\/wp-content\/uploads\/2025\/05\/465581114_10228989723661036_62077173684851968_n-1024x769.jpg 1024w, https:\/\/www.emalera.eu\/wp-content\/uploads\/2025\/05\/465581114_10228989723661036_62077173684851968_n-300x225.jpg 300w, https:\/\/www.emalera.eu\/wp-content\/uploads\/2025\/05\/465581114_10228989723661036_62077173684851968_n-768x577.jpg 768w, https:\/\/www.emalera.eu\/wp-content\/uploads\/2025\/05\/465581114_10228989723661036_62077173684851968_n-1536x1154.jpg 1536w, https:\/\/www.emalera.eu\/wp-content\/uploads\/2025\/05\/465581114_10228989723661036_62077173684851968_n.jpg 2048w\" sizes=\"auto, (max-width: 1024px) 100vw, 1024px\" \/><\/figure>\n","protected":false},"excerpt":{"rendered":"<p>14.9.2024&nbsp;pri\u0161li na svet 2 ps\u00edci a 4 fenky MATKA RUTTA BONNYFART PERLYNA PRYKARPATTYA OTEC ZEYN BILLI Cel\u00fd rodokme\u0148 \u0161teniatok&nbsp;TU PS\u00cdCI: ZEBEDEE EMALERA ZBOJN\u00cdK WALIE EMALERA FENKY: ZAFIRA EMALERA ZETA FOR D&amp;D EMALERA ZAHARA EMALERA ZARAH EMALERA<\/p>\n","protected":false},"author":1,"featured_media":0,"parent":0,"menu_order":0,"comment_status":"closed","ping_status":"closed","template":"","meta":{"footnotes":""},"class_list":["post-603","page","type-page","status-publish","hentry"],"_links":{"self":[{"href":"https:\/\/www.emalera.eu\/index.php?rest_route=\/wp\/v2\/pages\/603","targetHints":{"allow":["GET"]}}],"collection":[{"href":"https:\/\/www.emalera.eu\/index.php?rest_route=\/wp\/v2\/pages"}],"about":[{"href":"https:\/\/www.emalera.eu\/index.php?rest_route=\/wp\/v2\/types\/page"}],"author":[{"embeddable":true,"href":"https:\/\/www.emalera.eu\/index.php?rest_route=\/wp\/v2\/users\/1"}],"replies":[{"embeddable":true,"href":"https:\/\/www.emalera.eu\/index.php?rest_route=%2Fwp%2Fv2%2Fcomments&post=603"}],"version-history":[{"count":2,"href":"https:\/\/www.emalera.eu\/index.php?rest_route=\/wp\/v2\/pages\/603\/revisions"}],"predecessor-version":[{"id":677,"href":"https:\/\/www.emalera.eu\/index.php?rest_route=\/wp\/v2\/pages\/603\/revisions\/677"}],"wp:attachment":[{"href":"https:\/\/www.emalera.eu\/index.php?rest_route=%2Fwp%2Fv2%2Fmedia&parent=603"}],"curies":[{"name":"wp","href":"https:\/\/api.w.org\/{rel}","templated":true}]}}