{"id":707,"date":"2025-05-29T09:20:16","date_gmt":"2025-05-29T09:20:16","guid":{"rendered":"https:\/\/www.emalera.eu\/?page_id=707"},"modified":"2025-05-29T09:41:58","modified_gmt":"2025-05-29T09:41:58","slug":"utah-emalera-2","status":"publish","type":"page","link":"https:\/\/www.emalera.eu\/?page_id=707","title":{"rendered":"UTAH EMALERA"},"content":{"rendered":"\n<figure class=\"wp-block-image size-large\"><img loading=\"lazy\" decoding=\"async\" width=\"1024\" height=\"769\" src=\"https:\/\/www.emalera.eu\/wp-content\/uploads\/2025\/05\/423133261_10226775818994803_8797181428590568350_n-1024x769.jpg\" alt=\"\" class=\"wp-image-714\" srcset=\"https:\/\/www.emalera.eu\/wp-content\/uploads\/2025\/05\/423133261_10226775818994803_8797181428590568350_n-1024x769.jpg 1024w, https:\/\/www.emalera.eu\/wp-content\/uploads\/2025\/05\/423133261_10226775818994803_8797181428590568350_n-300x225.jpg 300w, https:\/\/www.emalera.eu\/wp-content\/uploads\/2025\/05\/423133261_10226775818994803_8797181428590568350_n-768x577.jpg 768w, https:\/\/www.emalera.eu\/wp-content\/uploads\/2025\/05\/423133261_10226775818994803_8797181428590568350_n-1536x1154.jpg 1536w, https:\/\/www.emalera.eu\/wp-content\/uploads\/2025\/05\/423133261_10226775818994803_8797181428590568350_n.jpg 2048w\" sizes=\"auto, (max-width: 1024px) 100vw, 1024px\" \/><\/figure>\n\n\n\n<p><strong>CEL\u00dd RODOKME\u0147 &gt;&nbsp;<\/strong><a href=\"https:\/\/www.pedigreedex.com\/pedigree\/id-1146610?fbclid=IwY2xjawKlAQ5leHRuA2FlbQIxMABicmlkETBwV1Y2QzNIRE0wdXlSOGZIAR4E-P2xMZsRPGsiVcp51R0bl3rMZROSxJ4pu6Y4e3OpgTMx7GcKXa9MEk8URA_aem_hPAAwo1P7XCC8OldYhSvdg\"><\/a><a href=\"https:\/\/www.pedigreedex.com\/pedigree\/id-1753311?fbclid=IwY2xjawKlBx1leHRuA2FlbQIxMABicmlkETBwV1Y2QzNIRE0wdXlSOGZIAR6DiWQmytWko2_vvT9It5O36mkte4Bt38FuFZW1QxipNPLLv1_o1pgCG-A5DA_aem_K1UAtvqsyQ19hditB9Huxg\">PedigreeDex.com \u2013 Complete Database<\/a><\/p>\n\n\n\n<p><strong>Naroden\u00fd \u2013<\/strong>&nbsp; 8.3.2023<br><strong>Farba \u2013<\/strong>&nbsp;biela a hned\u00e1<br><strong>Druh srsti \u2013<\/strong>&nbsp;<br><strong>Zuby \u2013<\/strong>&nbsp;&nbsp; plnochrup\u00fd, no\u017enicov\u00fd skus<br><strong>V\u00fd\u0161ka \u2013<\/strong>&nbsp;&nbsp; 28 cm<br><strong>V\u00e1ha \u2013<\/strong>&nbsp;&nbsp;<\/p>\n\n\n\n<p>CHOVN\u00dd PES<\/p>\n\n\n\n<p><strong>Vy\u0161etrenia:<br><\/strong><br>HD: A<br>ED: 0<br>PL: 0\/0<br>LTV neg., OCD neg<br><strong>PLL, SCA, LOA, JBD, DM&nbsp;<\/strong>\u2013 N\/N (Laboklin)<br>BAER +\/+<br>DNA profil<\/p>\n\n\n\n<figure class=\"wp-block-gallery has-nested-images columns-2 is-cropped wp-block-gallery-1 is-layout-flex wp-block-gallery-is-layout-flex\">\n<figure class=\"wp-block-image size-large\"><img loading=\"lazy\" decoding=\"async\" width=\"1024\" height=\"627\" data-id=\"716\" src=\"https:\/\/www.emalera.eu\/wp-content\/uploads\/2025\/05\/458441140_10228237433534253_7640509317219086857_n-1024x627.jpg\" alt=\"\" class=\"wp-image-716\" srcset=\"https:\/\/www.emalera.eu\/wp-content\/uploads\/2025\/05\/458441140_10228237433534253_7640509317219086857_n-1024x627.jpg 1024w, https:\/\/www.emalera.eu\/wp-content\/uploads\/2025\/05\/458441140_10228237433534253_7640509317219086857_n-300x184.jpg 300w, https:\/\/www.emalera.eu\/wp-content\/uploads\/2025\/05\/458441140_10228237433534253_7640509317219086857_n-768x470.jpg 768w, https:\/\/www.emalera.eu\/wp-content\/uploads\/2025\/05\/458441140_10228237433534253_7640509317219086857_n.jpg 1304w\" sizes=\"auto, (max-width: 1024px) 100vw, 1024px\" \/><\/figure>\n\n\n\n<figure class=\"wp-block-image size-large\"><img loading=\"lazy\" decoding=\"async\" width=\"1024\" height=\"800\" data-id=\"718\" src=\"https:\/\/www.emalera.eu\/wp-content\/uploads\/2025\/05\/441868598_10227355469045692_7924877102307333013_n-1024x800.jpg\" alt=\"\" class=\"wp-image-718\" srcset=\"https:\/\/www.emalera.eu\/wp-content\/uploads\/2025\/05\/441868598_10227355469045692_7924877102307333013_n-1024x800.jpg 1024w, https:\/\/www.emalera.eu\/wp-content\/uploads\/2025\/05\/441868598_10227355469045692_7924877102307333013_n-300x234.jpg 300w, https:\/\/www.emalera.eu\/wp-content\/uploads\/2025\/05\/441868598_10227355469045692_7924877102307333013_n-768x600.jpg 768w, https:\/\/www.emalera.eu\/wp-content\/uploads\/2025\/05\/441868598_10227355469045692_7924877102307333013_n-1536x1199.jpg 1536w, https:\/\/www.emalera.eu\/wp-content\/uploads\/2025\/05\/441868598_10227355469045692_7924877102307333013_n.jpg 2048w\" sizes=\"auto, (max-width: 1024px) 100vw, 1024px\" \/><\/figure>\n\n\n\n<figure class=\"wp-block-image size-large\"><img loading=\"lazy\" decoding=\"async\" width=\"1024\" height=\"712\" data-id=\"732\" src=\"https:\/\/www.emalera.eu\/wp-content\/uploads\/2025\/05\/452409555_10227779865455337_5167818417054005555_n-1024x712.jpg\" alt=\"\" class=\"wp-image-732\" srcset=\"https:\/\/www.emalera.eu\/wp-content\/uploads\/2025\/05\/452409555_10227779865455337_5167818417054005555_n-1024x712.jpg 1024w, https:\/\/www.emalera.eu\/wp-content\/uploads\/2025\/05\/452409555_10227779865455337_5167818417054005555_n-300x209.jpg 300w, https:\/\/www.emalera.eu\/wp-content\/uploads\/2025\/05\/452409555_10227779865455337_5167818417054005555_n-768x534.jpg 768w, https:\/\/www.emalera.eu\/wp-content\/uploads\/2025\/05\/452409555_10227779865455337_5167818417054005555_n-1536x1068.jpg 1536w, https:\/\/www.emalera.eu\/wp-content\/uploads\/2025\/05\/452409555_10227779865455337_5167818417054005555_n.jpg 2048w\" sizes=\"auto, (max-width: 1024px) 100vw, 1024px\" \/><\/figure>\n<\/figure>\n","protected":false},"excerpt":{"rendered":"<p>CEL\u00dd RODOKME\u0147 &gt;&nbsp;PedigreeDex.com \u2013 Complete Database Naroden\u00fd \u2013&nbsp; 8.3.2023Farba \u2013&nbsp;biela a hned\u00e1Druh srsti \u2013&nbsp;Zuby \u2013&nbsp;&nbsp; plnochrup\u00fd, no\u017enicov\u00fd skusV\u00fd\u0161ka \u2013&nbsp;&nbsp; 28 cmV\u00e1ha \u2013&nbsp;&nbsp; CHOVN\u00dd PES Vy\u0161etrenia:HD: AED: 0PL: 0\/0LTV neg., OCD negPLL, SCA, LOA, JBD, DM&nbsp;\u2013 N\/N (Laboklin)BAER +\/+DNA profil<\/p>\n","protected":false},"author":1,"featured_media":0,"parent":0,"menu_order":0,"comment_status":"closed","ping_status":"closed","template":"","meta":{"footnotes":""},"class_list":["post-707","page","type-page","status-publish","hentry"],"_links":{"self":[{"href":"https:\/\/www.emalera.eu\/index.php?rest_route=\/wp\/v2\/pages\/707","targetHints":{"allow":["GET"]}}],"collection":[{"href":"https:\/\/www.emalera.eu\/index.php?rest_route=\/wp\/v2\/pages"}],"about":[{"href":"https:\/\/www.emalera.eu\/index.php?rest_route=\/wp\/v2\/types\/page"}],"author":[{"embeddable":true,"href":"https:\/\/www.emalera.eu\/index.php?rest_route=\/wp\/v2\/users\/1"}],"replies":[{"embeddable":true,"href":"https:\/\/www.emalera.eu\/index.php?rest_route=%2Fwp%2Fv2%2Fcomments&post=707"}],"version-history":[{"count":5,"href":"https:\/\/www.emalera.eu\/index.php?rest_route=\/wp\/v2\/pages\/707\/revisions"}],"predecessor-version":[{"id":733,"href":"https:\/\/www.emalera.eu\/index.php?rest_route=\/wp\/v2\/pages\/707\/revisions\/733"}],"wp:attachment":[{"href":"https:\/\/www.emalera.eu\/index.php?rest_route=%2Fwp%2Fv2%2Fmedia&parent=707"}],"curies":[{"name":"wp","href":"https:\/\/api.w.org\/{rel}","templated":true}]}}